{"id":760,"date":"2020-04-26T10:15:00","date_gmt":"2020-04-26T10:15:00","guid":{"rendered":"http:\/\/vbcglobal.wordpress.com\/?page_id=1"},"modified":"2022-08-31T15:10:02","modified_gmt":"2022-08-31T15:10:02","slug":"acerca-de","status":"publish","type":"page","link":"https:\/\/venbc.org\/","title":{"rendered":"El Club"},"content":{"rendered":"\n<figure class=\"wp-block-embed aligncenter is-type-video is-provider-youtube wp-block-embed-youtube wp-embed-aspect-16-9 wp-has-aspect-ratio\"><div class=\"wp-block-embed__wrapper\">\n<iframe loading=\"lazy\" title=\"VBC Internacional\" width=\"580\" height=\"326\" src=\"https:\/\/www.youtube.com\/embed\/vjKPf1TomTM?feature=oembed\" frameborder=\"0\" allow=\"accelerometer; autoplay; clipboard-write; encrypted-media; gyroscope; picture-in-picture; web-share\" referrerpolicy=\"strict-origin-when-cross-origin\" allowfullscreen><\/iframe>\n<\/div><\/figure>\n\n\n\n<p>El VBC es una Instituci\u00f3n creada con el prop\u00f3sito de servir a sus miembros generando posibilidades de negocios e integraci\u00f3n a la comunidad hispana.<\/p>\n\n\n\n<p>Entre nuestros objetivos destacan:<br>&#8211; Constituir una s\u00f3lida red de Networking Venezolana.<br>&#8211; Representar un lugar de encuentro, una referencia de la comunidad venezolana.<br>&#8211; Generar una apertura a la comunidad espa\u00f1ola e internacional.<br>&#8211; Promover una oferta de servicios y soluciones de los profesionales de la comunidad.<br>&#8211; Posicionarnos en ciudades donde haya una presencia importante de venezolanos.<br>&#8211; Mantenernos como una organizaci\u00f3n transparente, de confianza, neutral y horizontal.<br>&#8211; Promover y organizar eventos para dar apoyo a la comunidad.<\/p>\n\n\n\n<h2 class=\"wp-block-heading\">Un poco de historia.<\/h2>\n\n\n\n<p>El VBC nace en Florida en el a\u00f1o 2002 con la idea de apoyar y promocionar los negocios, proyectos, programas y eventos de la comunidad venezolana en el exterior, tratando de dar respuesta a la necesidad de uni\u00f3n y pertenencia a una asociaci\u00f3n empresarial que ten\u00edan los venezolanos.<\/p>\n\n\n\n<p>Producto de la notable aceptaci\u00f3n por parte de nuestra comunidad venezolana y la reciprocidad de aquellos quienes se han identificado con nuestro trabajo, han hecho que nuestro crecimiento sea s\u00f3lido y constante, con miras a desarrollar cap\u00edtulos adicionales en todas aquellas ciudades y lugares del mundo en donde sea necesario implementar nuestras premisas en pro del gentilicio y el tricolor venezolano representado con orgullo por aquellos quienes decidieron traspasar las fronteras y llevar en alto el nombre de Venezuela.<\/p>\n\n\n\n<p>Actualmente contamos con 3 sedes en Miami, Espa\u00f1a y Panam\u00e1. Igualmente, mantenemos oficinas en la ciudad de Caracas, donde hacemos enlaces permanentes con aquellos que desean ser parte de todas y cada unas de las actividades que desarrollamos.<\/p>\n\n\n\n<p><\/p>\n\n\n\n<hr class=\"wp-block-separator has-alpha-channel-opacity is-style-dots\"\/>\n\n\n\n<div class=\"wp-block-columns is-layout-flex wp-container-core-columns-is-layout-9d6595d7 wp-block-columns-is-layout-flex\">\n<div class=\"wp-block-column is-vertically-aligned-center is-layout-flow wp-block-column-is-layout-flow\">\n<h3 class=\"has-larger-font-size wp-block-heading\">Haz click en la imagen si desea donar a:<\/h3>\n<\/div>\n\n\n\n<div class=\"wp-block-column is-layout-flow wp-block-column-is-layout-flow\">\n<figure class=\"wp-block-image size-full\"><a href=\"https:\/\/give.magisamericas.org\/give\/422309\/#!\/donation\/checkout\" target=\"_blank\" rel=\"noreferrer noopener\"><img loading=\"lazy\" decoding=\"async\" width=\"800\" height=\"500\" src=\"https:\/\/venbc.org\/wp-content\/uploads\/2022\/08\/fe-y-alegria.png\" alt=\"\" class=\"wp-image-788\" srcset=\"https:\/\/venbc.org\/wp-content\/uploads\/2022\/08\/fe-y-alegria.png 800w, https:\/\/venbc.org\/wp-content\/uploads\/2022\/08\/fe-y-alegria-300x188.png 300w, https:\/\/venbc.org\/wp-content\/uploads\/2022\/08\/fe-y-alegria-768x480.png 768w\" sizes=\"auto, (max-width: 800px) 100vw, 800px\" \/><\/a><\/figure>\n<\/div>\n<\/div>\n\n\n\n<hr class=\"wp-block-separator has-alpha-channel-opacity is-style-dots\"\/>\n\n\n\n<h2 class=\"wp-block-heading\">Networking presencial y online.<\/h2>\n\n\n\n<figure class=\"wp-block-gallery has-nested-images columns-default is-cropped wp-block-gallery-1 is-layout-flex wp-block-gallery-is-layout-flex\">\n<figure class=\"wp-block-image size-medium\"><img loading=\"lazy\" decoding=\"async\" width=\"800\" height=\"600\" data-id=\"128\" src=\"https:\/\/venbc.org\/wp-content\/uploads\/2020\/04\/vbc-gente.jpeg?w=300\" alt=\"\" class=\"wp-image-128\" srcset=\"https:\/\/venbc.org\/wp-content\/uploads\/2020\/04\/vbc-gente.jpeg 800w, https:\/\/venbc.org\/wp-content\/uploads\/2020\/04\/vbc-gente-300x225.jpeg 300w, https:\/\/venbc.org\/wp-content\/uploads\/2020\/04\/vbc-gente-768x576.jpeg 768w\" sizes=\"auto, (max-width: 800px) 100vw, 800px\" \/><\/figure>\n\n\n\n<figure class=\"wp-block-image size-medium\"><img loading=\"lazy\" decoding=\"async\" width=\"1600\" height=\"1066\" data-id=\"129\" src=\"https:\/\/venbc.org\/wp-content\/uploads\/2020\/04\/vbc-gente2.jpeg?w=300\" alt=\"\" class=\"wp-image-129\" srcset=\"https:\/\/venbc.org\/wp-content\/uploads\/2020\/04\/vbc-gente2.jpeg 1600w, https:\/\/venbc.org\/wp-content\/uploads\/2020\/04\/vbc-gente2-300x200.jpeg 300w, https:\/\/venbc.org\/wp-content\/uploads\/2020\/04\/vbc-gente2-1024x682.jpeg 1024w, https:\/\/venbc.org\/wp-content\/uploads\/2020\/04\/vbc-gente2-768x512.jpeg 768w, https:\/\/venbc.org\/wp-content\/uploads\/2020\/04\/vbc-gente2-1536x1023.jpeg 1536w\" sizes=\"auto, (max-width: 1600px) 100vw, 1600px\" \/><\/figure>\n\n\n\n<figure class=\"wp-block-image size-medium\"><img loading=\"lazy\" decoding=\"async\" width=\"1600\" height=\"1066\" data-id=\"130\" src=\"https:\/\/venbc.org\/wp-content\/uploads\/2020\/04\/vbc-gente3.jpeg?w=300\" alt=\"\" class=\"wp-image-130\" srcset=\"https:\/\/venbc.org\/wp-content\/uploads\/2020\/04\/vbc-gente3.jpeg 1600w, https:\/\/venbc.org\/wp-content\/uploads\/2020\/04\/vbc-gente3-300x200.jpeg 300w, https:\/\/venbc.org\/wp-content\/uploads\/2020\/04\/vbc-gente3-1024x682.jpeg 1024w, https:\/\/venbc.org\/wp-content\/uploads\/2020\/04\/vbc-gente3-768x512.jpeg 768w, https:\/\/venbc.org\/wp-content\/uploads\/2020\/04\/vbc-gente3-1536x1023.jpeg 1536w\" sizes=\"auto, (max-width: 1600px) 100vw, 1600px\" \/><\/figure>\n\n\n\n<figure class=\"wp-block-image size-medium\"><img loading=\"lazy\" decoding=\"async\" width=\"2048\" height=\"1365\" data-id=\"136\" src=\"https:\/\/venbc.org\/wp-content\/uploads\/2020\/04\/vbc-gente9.jpg?w=300\" alt=\"\" class=\"wp-image-136\" srcset=\"https:\/\/venbc.org\/wp-content\/uploads\/2020\/04\/vbc-gente9.jpg 2048w, https:\/\/venbc.org\/wp-content\/uploads\/2020\/04\/vbc-gente9-300x200.jpg 300w, https:\/\/venbc.org\/wp-content\/uploads\/2020\/04\/vbc-gente9-1024x683.jpg 1024w, https:\/\/venbc.org\/wp-content\/uploads\/2020\/04\/vbc-gente9-768x512.jpg 768w, https:\/\/venbc.org\/wp-content\/uploads\/2020\/04\/vbc-gente9-1536x1024.jpg 1536w\" sizes=\"auto, (max-width: 2048px) 100vw, 2048px\" \/><\/figure>\n\n\n\n<figure class=\"wp-block-image size-medium\"><img loading=\"lazy\" decoding=\"async\" width=\"1024\" height=\"768\" data-id=\"131\" src=\"https:\/\/venbc.org\/wp-content\/uploads\/2020\/04\/vbc-gente4.jpeg?w=300\" alt=\"\" class=\"wp-image-131\" srcset=\"https:\/\/venbc.org\/wp-content\/uploads\/2020\/04\/vbc-gente4.jpeg 1024w, https:\/\/venbc.org\/wp-content\/uploads\/2020\/04\/vbc-gente4-300x225.jpeg 300w, https:\/\/venbc.org\/wp-content\/uploads\/2020\/04\/vbc-gente4-768x576.jpeg 768w\" sizes=\"auto, (max-width: 1024px) 100vw, 1024px\" \/><\/figure>\n\n\n\n<figure class=\"wp-block-image size-medium\"><img loading=\"lazy\" decoding=\"async\" width=\"960\" height=\"720\" data-id=\"132\" src=\"https:\/\/venbc.org\/wp-content\/uploads\/2020\/04\/vbc-gente5.jpg?w=300\" alt=\"\" class=\"wp-image-132\" srcset=\"https:\/\/venbc.org\/wp-content\/uploads\/2020\/04\/vbc-gente5.jpg 960w, https:\/\/venbc.org\/wp-content\/uploads\/2020\/04\/vbc-gente5-300x225.jpg 300w, https:\/\/venbc.org\/wp-content\/uploads\/2020\/04\/vbc-gente5-768x576.jpg 768w\" sizes=\"auto, (max-width: 960px) 100vw, 960px\" \/><\/figure>\n\n\n\n<figure class=\"wp-block-image size-medium\"><img loading=\"lazy\" decoding=\"async\" width=\"960\" height=\"720\" data-id=\"134\" src=\"https:\/\/venbc.org\/wp-content\/uploads\/2020\/04\/vbc-gente7.jpg?w=300\" alt=\"\" class=\"wp-image-134\" srcset=\"https:\/\/venbc.org\/wp-content\/uploads\/2020\/04\/vbc-gente7.jpg 960w, https:\/\/venbc.org\/wp-content\/uploads\/2020\/04\/vbc-gente7-300x225.jpg 300w, https:\/\/venbc.org\/wp-content\/uploads\/2020\/04\/vbc-gente7-768x576.jpg 768w\" sizes=\"auto, (max-width: 960px) 100vw, 960px\" \/><\/figure>\n\n\n\n<figure class=\"wp-block-image size-medium\"><img loading=\"lazy\" decoding=\"async\" width=\"960\" height=\"720\" data-id=\"133\" src=\"https:\/\/venbc.org\/wp-content\/uploads\/2020\/04\/vbc-gente6.jpg?w=300\" alt=\"\" class=\"wp-image-133\" srcset=\"https:\/\/venbc.org\/wp-content\/uploads\/2020\/04\/vbc-gente6.jpg 960w, https:\/\/venbc.org\/wp-content\/uploads\/2020\/04\/vbc-gente6-300x225.jpg 300w, https:\/\/venbc.org\/wp-content\/uploads\/2020\/04\/vbc-gente6-768x576.jpg 768w\" sizes=\"auto, (max-width: 960px) 100vw, 960px\" \/><\/figure>\n\n\n\n<figure class=\"wp-block-image size-medium\"><img loading=\"lazy\" decoding=\"async\" width=\"960\" height=\"958\" data-id=\"135\" src=\"https:\/\/venbc.org\/wp-content\/uploads\/2020\/04\/vbc-gente8.jpg?w=300\" alt=\"\" class=\"wp-image-135\" srcset=\"https:\/\/venbc.org\/wp-content\/uploads\/2020\/04\/vbc-gente8.jpg 960w, https:\/\/venbc.org\/wp-content\/uploads\/2020\/04\/vbc-gente8-300x300.jpg 300w, https:\/\/venbc.org\/wp-content\/uploads\/2020\/04\/vbc-gente8-150x150.jpg 150w, https:\/\/venbc.org\/wp-content\/uploads\/2020\/04\/vbc-gente8-768x766.jpg 768w\" sizes=\"auto, (max-width: 960px) 100vw, 960px\" \/><\/figure>\n\n\n\n<figure class=\"wp-block-image size-medium\"><img loading=\"lazy\" decoding=\"async\" width=\"2048\" height=\"1365\" data-id=\"137\" src=\"https:\/\/venbc.org\/wp-content\/uploads\/2020\/04\/vbc-gente10.jpg?w=300\" alt=\"\" class=\"wp-image-137\" srcset=\"https:\/\/venbc.org\/wp-content\/uploads\/2020\/04\/vbc-gente10.jpg 2048w, https:\/\/venbc.org\/wp-content\/uploads\/2020\/04\/vbc-gente10-300x200.jpg 300w, https:\/\/venbc.org\/wp-content\/uploads\/2020\/04\/vbc-gente10-1024x683.jpg 1024w, https:\/\/venbc.org\/wp-content\/uploads\/2020\/04\/vbc-gente10-768x512.jpg 768w, https:\/\/venbc.org\/wp-content\/uploads\/2020\/04\/vbc-gente10-1536x1024.jpg 1536w\" sizes=\"auto, (max-width: 2048px) 100vw, 2048px\" \/><\/figure>\n<\/figure>\n","protected":false},"excerpt":{"rendered":"<p>El VBC es una Instituci\u00f3n creada con el prop\u00f3sito de servir a sus miembros generando posibilidades de negocios e integraci\u00f3n a la comunidad hispana. Entre nuestros objetivos destacan:&#8211; Constituir una s\u00f3lida red de Networking Venezolana.&#8211; Representar un lugar de encuentro, una referencia de la comunidad venezolana.&#8211; Generar una apertura a la comunidad espa\u00f1ola e internacional.&#8211; [&hellip;]<\/p>\n","protected":false},"author":2,"featured_media":0,"parent":0,"menu_order":0,"comment_status":"open","ping_status":"open","template":"","meta":{"footnotes":""},"class_list":["post-760","page","type-page","status-publish","hentry"],"yoast_head":"<!-- This site is optimized with the Yoast SEO plugin v19.3 - https:\/\/yoast.com\/wordpress\/plugins\/seo\/ -->\n<title>El Club - VBC - Venezuelan Business Club<\/title>\n<meta name=\"robots\" content=\"index, follow, max-snippet:-1, max-image-preview:large, max-video-preview:-1\" \/>\n<link rel=\"canonical\" href=\"https:\/\/venbc.org\/\" \/>\n<meta property=\"og:locale\" content=\"es_ES\" \/>\n<meta property=\"og:type\" content=\"article\" \/>\n<meta property=\"og:title\" content=\"El Club - VBC - Venezuelan Business Club\" \/>\n<meta property=\"og:description\" content=\"El VBC es una Instituci\u00f3n creada con el prop\u00f3sito de servir a sus miembros generando posibilidades de negocios e integraci\u00f3n a la comunidad hispana. Entre nuestros objetivos destacan:&#8211; Constituir una s\u00f3lida red de Networking Venezolana.&#8211; Representar un lugar de encuentro, una referencia de la comunidad venezolana.&#8211; Generar una apertura a la comunidad espa\u00f1ola e internacional.&#8211; [&hellip;]\" \/>\n<meta property=\"og:url\" content=\"https:\/\/venbc.org\/\" \/>\n<meta property=\"og:site_name\" content=\"VBC - Venezuelan Business Club\" \/>\n<meta property=\"article:modified_time\" content=\"2022-08-31T15:10:02+00:00\" \/>\n<meta property=\"og:image\" content=\"https:\/\/venbc.org\/wp-content\/uploads\/2022\/08\/fe-y-alegria.png\" \/>\n<meta name=\"twitter:card\" content=\"summary_large_image\" \/>\n<meta name=\"twitter:label1\" content=\"Tiempo de lectura\" \/>\n\t<meta name=\"twitter:data1\" content=\"4 minutos\" \/>\n<script type=\"application\/ld+json\" class=\"yoast-schema-graph\">{\"@context\":\"https:\/\/schema.org\",\"@graph\":[{\"@type\":\"Organization\",\"@id\":\"https:\/\/venbc.org\/#organization\",\"name\":\"VBC - Venezuelan Business Club\",\"url\":\"https:\/\/venbc.org\/\",\"sameAs\":[],\"logo\":{\"@type\":\"ImageObject\",\"inLanguage\":\"es\",\"@id\":\"https:\/\/venbc.org\/#\/schema\/logo\/image\/\",\"url\":\"https:\/\/venbc.org\/wp-content\/uploads\/2020\/04\/cropped-vbc-logo-azul-200px.png\",\"contentUrl\":\"https:\/\/venbc.org\/wp-content\/uploads\/2020\/04\/cropped-vbc-logo-azul-200px.png\",\"width\":200,\"height\":65,\"caption\":\"VBC - Venezuelan Business Club\"},\"image\":{\"@id\":\"https:\/\/venbc.org\/#\/schema\/logo\/image\/\"}},{\"@type\":\"WebSite\",\"@id\":\"https:\/\/venbc.org\/#website\",\"url\":\"https:\/\/venbc.org\/\",\"name\":\"VBC - Venezuelan Business Club\",\"description\":\"Red global de empresarios latinos\",\"publisher\":{\"@id\":\"https:\/\/venbc.org\/#organization\"},\"potentialAction\":[{\"@type\":\"SearchAction\",\"target\":{\"@type\":\"EntryPoint\",\"urlTemplate\":\"https:\/\/venbc.org\/?s={search_term_string}\"},\"query-input\":\"required name=search_term_string\"}],\"inLanguage\":\"es\"},{\"@type\":\"ImageObject\",\"inLanguage\":\"es\",\"@id\":\"https:\/\/venbc.org\/#primaryimage\",\"url\":\"https:\/\/venbc.org\/wp-content\/uploads\/2022\/08\/fe-y-alegria.png\",\"contentUrl\":\"https:\/\/venbc.org\/wp-content\/uploads\/2022\/08\/fe-y-alegria.png\",\"width\":800,\"height\":500},{\"@type\":\"WebPage\",\"@id\":\"https:\/\/venbc.org\/\",\"url\":\"https:\/\/venbc.org\/\",\"name\":\"El Club - VBC - Venezuelan Business Club\",\"isPartOf\":{\"@id\":\"https:\/\/venbc.org\/#website\"},\"primaryImageOfPage\":{\"@id\":\"https:\/\/venbc.org\/#primaryimage\"},\"datePublished\":\"2020-04-26T10:15:00+00:00\",\"dateModified\":\"2022-08-31T15:10:02+00:00\",\"breadcrumb\":{\"@id\":\"https:\/\/venbc.org\/#breadcrumb\"},\"inLanguage\":\"es\",\"potentialAction\":[{\"@type\":\"ReadAction\",\"target\":[\"https:\/\/venbc.org\/\"]}]},{\"@type\":\"BreadcrumbList\",\"@id\":\"https:\/\/venbc.org\/#breadcrumb\",\"itemListElement\":[{\"@type\":\"ListItem\",\"position\":1,\"name\":\"Portada\",\"item\":\"https:\/\/venbc.org\/\"},{\"@type\":\"ListItem\",\"position\":2,\"name\":\"El Club\"}]}]}<\/script>\n<!-- \/ Yoast SEO plugin. -->","yoast_head_json":{"title":"El Club - VBC - Venezuelan Business Club","robots":{"index":"index","follow":"follow","max-snippet":"max-snippet:-1","max-image-preview":"max-image-preview:large","max-video-preview":"max-video-preview:-1"},"canonical":"https:\/\/venbc.org\/","og_locale":"es_ES","og_type":"article","og_title":"El Club - VBC - Venezuelan Business Club","og_description":"El VBC es una Instituci\u00f3n creada con el prop\u00f3sito de servir a sus miembros generando posibilidades de negocios e integraci\u00f3n a la comunidad hispana. Entre nuestros objetivos destacan:&#8211; Constituir una s\u00f3lida red de Networking Venezolana.&#8211; Representar un lugar de encuentro, una referencia de la comunidad venezolana.&#8211; Generar una apertura a la comunidad espa\u00f1ola e internacional.&#8211; [&hellip;]","og_url":"https:\/\/venbc.org\/","og_site_name":"VBC - Venezuelan Business Club","article_modified_time":"2022-08-31T15:10:02+00:00","og_image":[{"url":"https:\/\/venbc.org\/wp-content\/uploads\/2022\/08\/fe-y-alegria.png"}],"twitter_card":"summary_large_image","twitter_misc":{"Tiempo de lectura":"4 minutos"},"schema":{"@context":"https:\/\/schema.org","@graph":[{"@type":"Organization","@id":"https:\/\/venbc.org\/#organization","name":"VBC - Venezuelan Business Club","url":"https:\/\/venbc.org\/","sameAs":[],"logo":{"@type":"ImageObject","inLanguage":"es","@id":"https:\/\/venbc.org\/#\/schema\/logo\/image\/","url":"https:\/\/venbc.org\/wp-content\/uploads\/2020\/04\/cropped-vbc-logo-azul-200px.png","contentUrl":"https:\/\/venbc.org\/wp-content\/uploads\/2020\/04\/cropped-vbc-logo-azul-200px.png","width":200,"height":65,"caption":"VBC - Venezuelan Business Club"},"image":{"@id":"https:\/\/venbc.org\/#\/schema\/logo\/image\/"}},{"@type":"WebSite","@id":"https:\/\/venbc.org\/#website","url":"https:\/\/venbc.org\/","name":"VBC - Venezuelan Business Club","description":"Red global de empresarios latinos","publisher":{"@id":"https:\/\/venbc.org\/#organization"},"potentialAction":[{"@type":"SearchAction","target":{"@type":"EntryPoint","urlTemplate":"https:\/\/venbc.org\/?s={search_term_string}"},"query-input":"required name=search_term_string"}],"inLanguage":"es"},{"@type":"ImageObject","inLanguage":"es","@id":"https:\/\/venbc.org\/#primaryimage","url":"https:\/\/venbc.org\/wp-content\/uploads\/2022\/08\/fe-y-alegria.png","contentUrl":"https:\/\/venbc.org\/wp-content\/uploads\/2022\/08\/fe-y-alegria.png","width":800,"height":500},{"@type":"WebPage","@id":"https:\/\/venbc.org\/","url":"https:\/\/venbc.org\/","name":"El Club - VBC - Venezuelan Business Club","isPartOf":{"@id":"https:\/\/venbc.org\/#website"},"primaryImageOfPage":{"@id":"https:\/\/venbc.org\/#primaryimage"},"datePublished":"2020-04-26T10:15:00+00:00","dateModified":"2022-08-31T15:10:02+00:00","breadcrumb":{"@id":"https:\/\/venbc.org\/#breadcrumb"},"inLanguage":"es","potentialAction":[{"@type":"ReadAction","target":["https:\/\/venbc.org\/"]}]},{"@type":"BreadcrumbList","@id":"https:\/\/venbc.org\/#breadcrumb","itemListElement":[{"@type":"ListItem","position":1,"name":"Portada","item":"https:\/\/venbc.org\/"},{"@type":"ListItem","position":2,"name":"El Club"}]}]}},"_links":{"self":[{"href":"https:\/\/venbc.org\/index.php\/wp-json\/wp\/v2\/pages\/760","targetHints":{"allow":["GET"]}}],"collection":[{"href":"https:\/\/venbc.org\/index.php\/wp-json\/wp\/v2\/pages"}],"about":[{"href":"https:\/\/venbc.org\/index.php\/wp-json\/wp\/v2\/types\/page"}],"author":[{"embeddable":true,"href":"https:\/\/venbc.org\/index.php\/wp-json\/wp\/v2\/users\/2"}],"replies":[{"embeddable":true,"href":"https:\/\/venbc.org\/index.php\/wp-json\/wp\/v2\/comments?post=760"}],"version-history":[{"count":5,"href":"https:\/\/venbc.org\/index.php\/wp-json\/wp\/v2\/pages\/760\/revisions"}],"predecessor-version":[{"id":795,"href":"https:\/\/venbc.org\/index.php\/wp-json\/wp\/v2\/pages\/760\/revisions\/795"}],"wp:attachment":[{"href":"https:\/\/venbc.org\/index.php\/wp-json\/wp\/v2\/media?parent=760"}],"curies":[{"name":"wp","href":"https:\/\/api.w.org\/{rel}","templated":true}]}}