{"id":65,"date":"2020-04-27T10:28:49","date_gmt":"2020-04-27T10:28:49","guid":{"rendered":"https:\/\/vbcglobal.wordpress.com\/?page_id=65"},"modified":"2022-09-01T13:55:55","modified_gmt":"2022-09-01T13:55:55","slug":"estados-unidos","status":"publish","type":"page","link":"https:\/\/venbc.org\/index.php\/estados-unidos\/","title":{"rendered":"Estados Unidos"},"content":{"rendered":"\n<figure class=\"wp-block-image size-large\"><img loading=\"lazy\" decoding=\"async\" width=\"1541\" height=\"822\" src=\"https:\/\/venbc.org\/wp-content\/uploads\/2022\/09\/vbc-usa-edited.png\" alt=\"junta directiva VBC USA\" class=\"wp-image-798\" srcset=\"https:\/\/venbc.org\/wp-content\/uploads\/2022\/09\/vbc-usa-edited.png 1541w, https:\/\/venbc.org\/wp-content\/uploads\/2022\/09\/vbc-usa-edited-300x160.png 300w, https:\/\/venbc.org\/wp-content\/uploads\/2022\/09\/vbc-usa-edited-1024x546.png 1024w, https:\/\/venbc.org\/wp-content\/uploads\/2022\/09\/vbc-usa-edited-768x410.png 768w, https:\/\/venbc.org\/wp-content\/uploads\/2022\/09\/vbc-usa-edited-1536x819.png 1536w, https:\/\/venbc.org\/wp-content\/uploads\/2022\/09\/vbc-usa-edited-1200x640.png 1200w\" sizes=\"auto, (max-width: 1541px) 100vw, 1541px\" \/><\/figure>\n\n\n\n<p class=\"has-text-align-left\">Ubicada en Miami\/Florida, la sede de USA es la m\u00e1s consolidada del VBC, tanto por actividades como por volumen de socios.<\/p>\n\n\n\n<div style=\"height:32px\" aria-hidden=\"true\" class=\"wp-block-spacer\"><\/div>\n\n\n\n<div class=\"wp-block-group alignwide\"><div class=\"wp-block-group__inner-container is-layout-flow wp-block-group-is-layout-flow\">\n<div class=\"wp-block-media-text alignwide is-stacked-on-mobile is-image-fill\"><figure class=\"wp-block-media-text__media\" style=\"background-image:url(https:\/\/venbc.org\/wp-content\/uploads\/2020\/04\/daniel-naim.jpg?w=500);background-position:50% 50%\"><img loading=\"lazy\" decoding=\"async\" width=\"500\" height=\"663\" src=\"https:\/\/venbc.org\/wp-content\/uploads\/2020\/04\/daniel-naim.jpg?w=500\" alt=\"\" class=\"wp-image-75 size-full\" srcset=\"https:\/\/venbc.org\/wp-content\/uploads\/2020\/04\/daniel-naim.jpg 500w, https:\/\/venbc.org\/wp-content\/uploads\/2020\/04\/daniel-naim-226x300.jpg 226w\" sizes=\"auto, (max-width: 500px) 100vw, 500px\" \/><\/figure><div class=\"wp-block-media-text__content\">\n<h2 class=\"has-text-align-left wp-block-heading\">Daniel Na\u00edm<\/h2>\n\n\n\n<p class=\"has-text-align-left\" style=\"font-size:16px\">Fundador y Vicepresidente del VBC Internacional. <em>Presidente de VBC USA y de Naim Development LLC<\/em>.<\/p>\n\n\n\n<p>Daniel Naim has a solid technical and multitasking training as a Systems Engineer, and a Masters in International Business and Administration. This unique background gives him the ability to prepare complete budgets, cash flow analysis and task by task schedules for all his jobs. He also take full advantage of the technology to manage Project Scheduling, Change Orders, Photos, Docs, Selections, POs, Leads, Warranty, Daily Logs and To-Do&#8217;s.<\/p>\n\n\n\n<p>Mr. Naim believes in Green Building Construction. In 2012 he was awarded the Congressional Medal of Merit at the U.S. Capitol in Washington DC.<\/p>\n\n\n\n<p>www.naim.us<\/p>\n<\/div><\/div>\n<\/div><\/div>\n\n\n\n<div class=\"wp-block-media-text alignwide has-media-on-the-right is-stacked-on-mobile\"><figure class=\"wp-block-media-text__media\"><img loading=\"lazy\" decoding=\"async\" width=\"500\" height=\"663\" src=\"https:\/\/venbc.org\/wp-content\/uploads\/2020\/04\/nelson-ramirez.jpg?w=500\" alt=\"\" class=\"wp-image-76 size-full\" srcset=\"https:\/\/venbc.org\/wp-content\/uploads\/2020\/04\/nelson-ramirez.jpg 500w, https:\/\/venbc.org\/wp-content\/uploads\/2020\/04\/nelson-ramirez-226x300.jpg 226w\" sizes=\"auto, (max-width: 500px) 100vw, 500px\" \/><\/figure><div class=\"wp-block-media-text__content\">\n<h2 class=\"has-text-align-left wp-block-heading\">Nelson Ram\u00edrez<\/h2>\n\n\n\n<p class=\"has-text-align-left\" style=\"font-size:16px\"><em>Vicepresidente VBC USA. Senior executive en Experian<\/em><\/p>\n\n\n\n<p>Nelson Ramirez se desempe\u00f1a como Ejectutivo de Cuentas Global para Experian en Norte Am\u00e9rica. Esta experiencia le ha dado mucha exposici\u00f3n al proceso de manejar clientes y partner de m\u00faltiples culturas en procesos de compra, negociaci\u00f3n, contratos, soporte.<\/p>\n\n\n\n<p>Graduado de Comunicaci\u00f3n Social en la Universidad Cat\u00f3lica Andr\u00e9s Bello en Caracas, Venezuela con un MBA en Negocios Internacionales en Thunderbird School of International Business en Phoenix, AZ.<\/p>\n\n\n\n<p>Desde el punto de vista creativo, Nelson ha realizado trabajos audiovisuales desde la \u00e9poca universitaria y se mantiene activo en \u00e1reas de m\u00fasica, TV y fotograf\u00eda, recibiendo en 2013 el premio EMMY de la Academia Nacional de Arte y Televisi\u00f3n en USA capitulo del Suncoast.<\/p>\n<\/div><\/div>\n\n\n\n<div class=\"wp-block-media-text alignwide is-stacked-on-mobile is-image-fill\"><figure class=\"wp-block-media-text__media\" style=\"background-image:url(https:\/\/venbc.org\/wp-content\/uploads\/2020\/04\/gustavo-garagorry.jpg?w=500);background-position:50% 50%\"><img loading=\"lazy\" decoding=\"async\" width=\"500\" height=\"663\" src=\"https:\/\/venbc.org\/wp-content\/uploads\/2020\/04\/gustavo-garagorry.jpg?w=500\" alt=\"\" class=\"wp-image-78 size-full\" srcset=\"https:\/\/venbc.org\/wp-content\/uploads\/2020\/04\/gustavo-garagorry.jpg 500w, https:\/\/venbc.org\/wp-content\/uploads\/2020\/04\/gustavo-garagorry-226x300.jpg 226w\" sizes=\"auto, (max-width: 500px) 100vw, 500px\" \/><\/figure><div class=\"wp-block-media-text__content\">\n<h2 class=\"has-text-align-left wp-block-heading\">Gustavo Garagorry<\/h2>\n\n\n\n<p class=\"has-text-align-left\" style=\"font-size:16px\"><em>Secretario General VBC USA. Legislative Analyst en el Ayuntamiento de Doral (Florida)<\/em><\/p>\n\n\n\n<p>Gustavo is responsible for organizing meetings and conferences or arranging official visits from legislators to the organization. They&#8217;re also expected to be experts on and stay abreast of developments and changes in government and budget processes and the area that they&#8217;re analyzing. Usually he will accomplished through attending conferences, meetings and seminars, and traveling to program sites when necessary.<\/p>\n\n\n\n<p>His primary duty of a legislative analyst is to follow and examine the legislation initiatives that affect our community and city staff , and provide detailed reports about how the legislation will influence the organization&#8217;s activities.&nbsp;<\/p>\n\n\n\n<p>www.cityofdoral.com<\/p>\n<\/div><\/div>\n\n\n\n<div class=\"wp-block-media-text alignwide has-media-on-the-right is-stacked-on-mobile is-image-fill\"><figure class=\"wp-block-media-text__media\" style=\"background-image:url(https:\/\/venbc.org\/wp-content\/uploads\/2020\/04\/nathaly-salas-guaithero.jpg?w=500);background-position:50% 50%\"><img loading=\"lazy\" decoding=\"async\" width=\"500\" height=\"663\" src=\"https:\/\/venbc.org\/wp-content\/uploads\/2020\/04\/nathaly-salas-guaithero.jpg?w=500\" alt=\"\" class=\"wp-image-80 size-full\" srcset=\"https:\/\/venbc.org\/wp-content\/uploads\/2020\/04\/nathaly-salas-guaithero.jpg 500w, https:\/\/venbc.org\/wp-content\/uploads\/2020\/04\/nathaly-salas-guaithero-226x300.jpg 226w\" sizes=\"auto, (max-width: 500px) 100vw, 500px\" \/><\/figure><div class=\"wp-block-media-text__content\">\n<h2 class=\"has-text-align-left wp-block-heading\">Nathaly Salas-Guaithero<\/h2>\n\n\n\n<p class=\"has-text-align-left\" style=\"font-size:16px\"><em>Directora de VBC <em>USA<\/em>. Conferencista y Coach en La Gur\u00fa Hispana<\/em><\/p>\n\n\n\n<p>Journalist with more than 25 years experience in TV, radio and newspapers. News oriented and with excellent&nbsp;communications skills and public speaking. News Anchor and Reporter with great experience in Live TV. Also,&nbsp;committed with wellness and healthy lifestyle.&nbsp;<\/p>\n\n\n\n<p>www.laguruhispana.com<\/p>\n<\/div><\/div>\n\n\n\n<div class=\"wp-block-media-text alignwide is-stacked-on-mobile is-image-fill\"><figure class=\"wp-block-media-text__media\" style=\"background-image:url(https:\/\/venbc.org\/wp-content\/uploads\/2020\/04\/diego-reyes.jpg?w=500);background-position:50% 50%\"><img loading=\"lazy\" decoding=\"async\" width=\"500\" height=\"663\" src=\"https:\/\/venbc.org\/wp-content\/uploads\/2020\/04\/diego-reyes.jpg?w=500\" alt=\"\" class=\"wp-image-79 size-full\" srcset=\"https:\/\/venbc.org\/wp-content\/uploads\/2020\/04\/diego-reyes.jpg 500w, https:\/\/venbc.org\/wp-content\/uploads\/2020\/04\/diego-reyes-226x300.jpg 226w\" sizes=\"auto, (max-width: 500px) 100vw, 500px\" \/><\/figure><div class=\"wp-block-media-text__content\">\n<h2 class=\"has-text-align-left wp-block-heading\">Diego Reyes<\/h2>\n\n\n\n<p class=\"has-text-align-left\" style=\"font-size:16px\"><em>Director VBC USA. Especialista en seguridad f\u00edsica<\/em><\/p>\n\n\n\n<p>Nacido en Caracas, Venezuela el 21 de Junio de 1986. Licenciado en Sistema de Alarmas de Seguridad en el estado de la florida en donde actualmente se dedica desde hace m\u00e1s de 10 a\u00f1os a ofrecer Sistema de Alarmas contra robo, c\u00e1maras de seguridad y sistema inteligente para residencias y negocios. <\/p>\n\n\n\n<p>Diego est\u00e1 residenciado en la ciudad de Miami desde el 2004.<\/p>\n<\/div><\/div>\n\n\n\n<div class=\"wp-block-media-text alignwide has-media-on-the-right is-stacked-on-mobile is-image-fill\"><figure class=\"wp-block-media-text__media\" style=\"background-image:url(https:\/\/venbc.org\/wp-content\/uploads\/2020\/04\/grisel-masso.jpg?w=500);background-position:50% 50%\"><img loading=\"lazy\" decoding=\"async\" width=\"500\" height=\"663\" src=\"https:\/\/venbc.org\/wp-content\/uploads\/2020\/04\/grisel-masso.jpg?w=500\" alt=\"\" class=\"wp-image-82 size-full\" srcset=\"https:\/\/venbc.org\/wp-content\/uploads\/2020\/04\/grisel-masso.jpg 500w, https:\/\/venbc.org\/wp-content\/uploads\/2020\/04\/grisel-masso-226x300.jpg 226w\" sizes=\"auto, (max-width: 500px) 100vw, 500px\" \/><\/figure><div class=\"wp-block-media-text__content\">\n<h2 class=\"has-text-align-left wp-block-heading\">Grisel Masso<\/h2>\n\n\n\n<p class=\"has-text-align-left\" style=\"font-size:16px\"><em>Directora VBC USA. Miami Insurance Brokers<\/em><\/p>\n\n\n\n<p>Nacido en Caracas, Venezuela el 21 de Junio de 1986. Licenciado en Sistema de Alarmas de Seguridad en el estado de la florida en donde actualmente se dedica desde hace m\u00e1s de 10 a\u00f1os a ofrecer Sistema de Alarmas contra robo, c\u00e1maras de seguridad y sistema inteligente para residencias y negocios. <\/p>\n\n\n\n<p>Diego est\u00e1 residenciado en la ciudad de Miami desde el 2004.<\/p>\n<\/div><\/div>\n\n\n\n<div class=\"wp-block-media-text alignwide is-stacked-on-mobile is-image-fill\"><figure class=\"wp-block-media-text__media\" style=\"background-image:url(https:\/\/venbc.org\/wp-content\/uploads\/2020\/04\/orly-luzon.jpg?w=500);background-position:50% 50%\"><img loading=\"lazy\" decoding=\"async\" width=\"500\" height=\"662\" src=\"https:\/\/venbc.org\/wp-content\/uploads\/2020\/04\/orly-luzon.jpg?w=500\" alt=\"\" class=\"wp-image-196 size-full\" srcset=\"https:\/\/venbc.org\/wp-content\/uploads\/2020\/04\/orly-luzon.jpg 500w, https:\/\/venbc.org\/wp-content\/uploads\/2020\/04\/orly-luzon-227x300.jpg 227w\" sizes=\"auto, (max-width: 500px) 100vw, 500px\" \/><\/figure><div class=\"wp-block-media-text__content\">\n<h2 class=\"has-text-align-left wp-block-heading\">Orly Luzon<\/h2>\n\n\n\n<p class=\"has-text-align-left\" style=\"font-size:16px\"><em>Directora VBC USA. Miami Insurance Brokers<\/em><\/p>\n\n\n\n<p>Nacido en Caracas, Venezuela el 21 de Junio de 1986. Licenciado en Sistema de Alarmas de Seguridad en el estado de la florida en donde actualmente se dedica desde hace m\u00e1s de 10 a\u00f1os a ofrecer Sistema de Alarmas contra robo, c\u00e1maras de seguridad y sistema inteligente para residencias y negocios. <\/p>\n\n\n\n<p>Diego est\u00e1 residenciado en la ciudad de Miami desde el 2004.<\/p>\n<\/div><\/div>\n\n\n\n<div class=\"wp-block-media-text alignwide has-media-on-the-right is-stacked-on-mobile is-image-fill\"><figure class=\"wp-block-media-text__media\" style=\"background-image:url(https:\/\/venbc.org\/wp-content\/uploads\/2020\/04\/astrid.jpg?w=500);background-position:50% 50%\"><img loading=\"lazy\" decoding=\"async\" width=\"500\" height=\"568\" src=\"https:\/\/venbc.org\/wp-content\/uploads\/2020\/04\/astrid.jpg?w=500\" alt=\"\" class=\"wp-image-202 size-full\" srcset=\"https:\/\/venbc.org\/wp-content\/uploads\/2020\/04\/astrid.jpg 500w, https:\/\/venbc.org\/wp-content\/uploads\/2020\/04\/astrid-264x300.jpg 264w\" sizes=\"auto, (max-width: 500px) 100vw, 500px\" \/><\/figure><div class=\"wp-block-media-text__content\">\n<h2 class=\"has-text-align-left wp-block-heading\">Astrid Hern\u00e1ndez<\/h2>\n\n\n\n<p class=\"has-text-align-left\" style=\"font-size:16px\"><em>Directora VBC USA. Publicista<\/em> y co-Founder IguanaCALL<\/p>\n\n\n\n<p>Publicista, Mercad\u00f3loga y con Estudios de Postgrado en ambas especialidades.&nbsp;Se desempe\u00f1a profesionalmente dando asesor\u00edas dentro del \u00e1rea de Desarrollo de Productos, Desarrollo de Negocios y Manejo de Conceptos Creativos de Estrategias Comunicacionales, tanto en el Marketing Tradicional como el Marketing Digital. <\/p>\n\n\n\n<p>Ha dirigido equipos en empresas de Servicios, Tecnolog\u00eda y Telecomunicaciones.&nbsp;Actualmente, es Directora de Relaciones Institucionales (CIRO) y Co-Founder de la Operadora de Telefon\u00eda sobre Internet: IguanaCALL<\/p>\n<\/div><\/div>\n","protected":false},"excerpt":{"rendered":"<p>Ubicada en Miami\/Florida, la sede de USA es la m\u00e1s consolidada del VBC, tanto por actividades como por volumen de socios. Daniel Na\u00edm Fundador y Vicepresidente del VBC Internacional. Presidente de VBC USA y de Naim Development LLC. Daniel Naim has a solid technical and multitasking training as a Systems Engineer, and a Masters in [&hellip;]<\/p>\n","protected":false},"author":2,"featured_media":0,"parent":0,"menu_order":0,"comment_status":"closed","ping_status":"closed","template":"","meta":{"footnotes":""},"class_list":["post-65","page","type-page","status-publish","hentry"],"yoast_head":"<!-- This site is optimized with the Yoast SEO plugin v19.3 - https:\/\/yoast.com\/wordpress\/plugins\/seo\/ -->\n<title>Estados Unidos - VBC - Venezuelan Business Club<\/title>\n<meta name=\"robots\" content=\"index, follow, max-snippet:-1, max-image-preview:large, max-video-preview:-1\" \/>\n<link rel=\"canonical\" href=\"https:\/\/venbc.org\/index.php\/estados-unidos\/\" \/>\n<meta property=\"og:locale\" content=\"es_ES\" \/>\n<meta property=\"og:type\" content=\"article\" \/>\n<meta property=\"og:title\" content=\"Estados Unidos - VBC - Venezuelan Business Club\" \/>\n<meta property=\"og:description\" content=\"Ubicada en Miami\/Florida, la sede de USA es la m\u00e1s consolidada del VBC, tanto por actividades como por volumen de socios. Daniel Na\u00edm Fundador y Vicepresidente del VBC Internacional. Presidente de VBC USA y de Naim Development LLC. Daniel Naim has a solid technical and multitasking training as a Systems Engineer, and a Masters in [&hellip;]\" \/>\n<meta property=\"og:url\" content=\"https:\/\/venbc.org\/index.php\/estados-unidos\/\" \/>\n<meta property=\"og:site_name\" content=\"VBC - Venezuelan Business Club\" \/>\n<meta property=\"article:modified_time\" content=\"2022-09-01T13:55:55+00:00\" \/>\n<meta property=\"og:image\" content=\"https:\/\/venbc.org\/wp-content\/uploads\/2022\/09\/vbc-usa-edited.png\" \/>\n<meta name=\"twitter:card\" content=\"summary_large_image\" \/>\n<meta name=\"twitter:label1\" content=\"Tiempo de lectura\" \/>\n\t<meta name=\"twitter:data1\" content=\"6 minutos\" \/>\n<script type=\"application\/ld+json\" class=\"yoast-schema-graph\">{\"@context\":\"https:\/\/schema.org\",\"@graph\":[{\"@type\":\"Organization\",\"@id\":\"https:\/\/venbc.org\/#organization\",\"name\":\"VBC - Venezuelan Business Club\",\"url\":\"https:\/\/venbc.org\/\",\"sameAs\":[],\"logo\":{\"@type\":\"ImageObject\",\"inLanguage\":\"es\",\"@id\":\"https:\/\/venbc.org\/#\/schema\/logo\/image\/\",\"url\":\"https:\/\/venbc.org\/wp-content\/uploads\/2020\/04\/cropped-vbc-logo-azul-200px.png\",\"contentUrl\":\"https:\/\/venbc.org\/wp-content\/uploads\/2020\/04\/cropped-vbc-logo-azul-200px.png\",\"width\":200,\"height\":65,\"caption\":\"VBC - Venezuelan Business Club\"},\"image\":{\"@id\":\"https:\/\/venbc.org\/#\/schema\/logo\/image\/\"}},{\"@type\":\"WebSite\",\"@id\":\"https:\/\/venbc.org\/#website\",\"url\":\"https:\/\/venbc.org\/\",\"name\":\"VBC - Venezuelan Business Club\",\"description\":\"Red global de empresarios latinos\",\"publisher\":{\"@id\":\"https:\/\/venbc.org\/#organization\"},\"potentialAction\":[{\"@type\":\"SearchAction\",\"target\":{\"@type\":\"EntryPoint\",\"urlTemplate\":\"https:\/\/venbc.org\/?s={search_term_string}\"},\"query-input\":\"required name=search_term_string\"}],\"inLanguage\":\"es\"},{\"@type\":\"ImageObject\",\"inLanguage\":\"es\",\"@id\":\"https:\/\/venbc.org\/index.php\/estados-unidos\/#primaryimage\",\"url\":\"https:\/\/venbc.org\/wp-content\/uploads\/2022\/09\/vbc-usa-edited.png\",\"contentUrl\":\"https:\/\/venbc.org\/wp-content\/uploads\/2022\/09\/vbc-usa-edited.png\",\"width\":1541,\"height\":822},{\"@type\":\"WebPage\",\"@id\":\"https:\/\/venbc.org\/index.php\/estados-unidos\/\",\"url\":\"https:\/\/venbc.org\/index.php\/estados-unidos\/\",\"name\":\"Estados Unidos - VBC - Venezuelan Business Club\",\"isPartOf\":{\"@id\":\"https:\/\/venbc.org\/#website\"},\"primaryImageOfPage\":{\"@id\":\"https:\/\/venbc.org\/index.php\/estados-unidos\/#primaryimage\"},\"datePublished\":\"2020-04-27T10:28:49+00:00\",\"dateModified\":\"2022-09-01T13:55:55+00:00\",\"breadcrumb\":{\"@id\":\"https:\/\/venbc.org\/index.php\/estados-unidos\/#breadcrumb\"},\"inLanguage\":\"es\",\"potentialAction\":[{\"@type\":\"ReadAction\",\"target\":[\"https:\/\/venbc.org\/index.php\/estados-unidos\/\"]}]},{\"@type\":\"BreadcrumbList\",\"@id\":\"https:\/\/venbc.org\/index.php\/estados-unidos\/#breadcrumb\",\"itemListElement\":[{\"@type\":\"ListItem\",\"position\":1,\"name\":\"Portada\",\"item\":\"https:\/\/venbc.org\/\"},{\"@type\":\"ListItem\",\"position\":2,\"name\":\"Estados Unidos\"}]}]}<\/script>\n<!-- \/ Yoast SEO plugin. -->","yoast_head_json":{"title":"Estados Unidos - VBC - Venezuelan Business Club","robots":{"index":"index","follow":"follow","max-snippet":"max-snippet:-1","max-image-preview":"max-image-preview:large","max-video-preview":"max-video-preview:-1"},"canonical":"https:\/\/venbc.org\/index.php\/estados-unidos\/","og_locale":"es_ES","og_type":"article","og_title":"Estados Unidos - VBC - Venezuelan Business Club","og_description":"Ubicada en Miami\/Florida, la sede de USA es la m\u00e1s consolidada del VBC, tanto por actividades como por volumen de socios. Daniel Na\u00edm Fundador y Vicepresidente del VBC Internacional. Presidente de VBC USA y de Naim Development LLC. Daniel Naim has a solid technical and multitasking training as a Systems Engineer, and a Masters in [&hellip;]","og_url":"https:\/\/venbc.org\/index.php\/estados-unidos\/","og_site_name":"VBC - Venezuelan Business Club","article_modified_time":"2022-09-01T13:55:55+00:00","og_image":[{"url":"https:\/\/venbc.org\/wp-content\/uploads\/2022\/09\/vbc-usa-edited.png"}],"twitter_card":"summary_large_image","twitter_misc":{"Tiempo de lectura":"6 minutos"},"schema":{"@context":"https:\/\/schema.org","@graph":[{"@type":"Organization","@id":"https:\/\/venbc.org\/#organization","name":"VBC - Venezuelan Business Club","url":"https:\/\/venbc.org\/","sameAs":[],"logo":{"@type":"ImageObject","inLanguage":"es","@id":"https:\/\/venbc.org\/#\/schema\/logo\/image\/","url":"https:\/\/venbc.org\/wp-content\/uploads\/2020\/04\/cropped-vbc-logo-azul-200px.png","contentUrl":"https:\/\/venbc.org\/wp-content\/uploads\/2020\/04\/cropped-vbc-logo-azul-200px.png","width":200,"height":65,"caption":"VBC - Venezuelan Business Club"},"image":{"@id":"https:\/\/venbc.org\/#\/schema\/logo\/image\/"}},{"@type":"WebSite","@id":"https:\/\/venbc.org\/#website","url":"https:\/\/venbc.org\/","name":"VBC - Venezuelan Business Club","description":"Red global de empresarios latinos","publisher":{"@id":"https:\/\/venbc.org\/#organization"},"potentialAction":[{"@type":"SearchAction","target":{"@type":"EntryPoint","urlTemplate":"https:\/\/venbc.org\/?s={search_term_string}"},"query-input":"required name=search_term_string"}],"inLanguage":"es"},{"@type":"ImageObject","inLanguage":"es","@id":"https:\/\/venbc.org\/index.php\/estados-unidos\/#primaryimage","url":"https:\/\/venbc.org\/wp-content\/uploads\/2022\/09\/vbc-usa-edited.png","contentUrl":"https:\/\/venbc.org\/wp-content\/uploads\/2022\/09\/vbc-usa-edited.png","width":1541,"height":822},{"@type":"WebPage","@id":"https:\/\/venbc.org\/index.php\/estados-unidos\/","url":"https:\/\/venbc.org\/index.php\/estados-unidos\/","name":"Estados Unidos - VBC - Venezuelan Business Club","isPartOf":{"@id":"https:\/\/venbc.org\/#website"},"primaryImageOfPage":{"@id":"https:\/\/venbc.org\/index.php\/estados-unidos\/#primaryimage"},"datePublished":"2020-04-27T10:28:49+00:00","dateModified":"2022-09-01T13:55:55+00:00","breadcrumb":{"@id":"https:\/\/venbc.org\/index.php\/estados-unidos\/#breadcrumb"},"inLanguage":"es","potentialAction":[{"@type":"ReadAction","target":["https:\/\/venbc.org\/index.php\/estados-unidos\/"]}]},{"@type":"BreadcrumbList","@id":"https:\/\/venbc.org\/index.php\/estados-unidos\/#breadcrumb","itemListElement":[{"@type":"ListItem","position":1,"name":"Portada","item":"https:\/\/venbc.org\/"},{"@type":"ListItem","position":2,"name":"Estados Unidos"}]}]}},"_links":{"self":[{"href":"https:\/\/venbc.org\/index.php\/wp-json\/wp\/v2\/pages\/65","targetHints":{"allow":["GET"]}}],"collection":[{"href":"https:\/\/venbc.org\/index.php\/wp-json\/wp\/v2\/pages"}],"about":[{"href":"https:\/\/venbc.org\/index.php\/wp-json\/wp\/v2\/types\/page"}],"author":[{"embeddable":true,"href":"https:\/\/venbc.org\/index.php\/wp-json\/wp\/v2\/users\/2"}],"replies":[{"embeddable":true,"href":"https:\/\/venbc.org\/index.php\/wp-json\/wp\/v2\/comments?post=65"}],"version-history":[{"count":1,"href":"https:\/\/venbc.org\/index.php\/wp-json\/wp\/v2\/pages\/65\/revisions"}],"predecessor-version":[{"id":799,"href":"https:\/\/venbc.org\/index.php\/wp-json\/wp\/v2\/pages\/65\/revisions\/799"}],"wp:attachment":[{"href":"https:\/\/venbc.org\/index.php\/wp-json\/wp\/v2\/media?parent=65"}],"curies":[{"name":"wp","href":"https:\/\/api.w.org\/{rel}","templated":true}]}}