{"id":45,"date":"2020-04-27T08:00:42","date_gmt":"2020-04-27T08:00:42","guid":{"rendered":"https:\/\/vbcglobal.wordpress.com\/?page_id=45"},"modified":"2020-04-27T08:00:42","modified_gmt":"2020-04-27T08:00:42","slug":"espana","status":"publish","type":"page","link":"https:\/\/venbc.org\/index.php\/espana\/","title":{"rendered":"Espa\u00f1a"},"content":{"rendered":"\n<figure class=\"wp-block-image size-large\"><img loading=\"lazy\" decoding=\"async\" width=\"1149\" height=\"610\" src=\"https:\/\/venbc.org\/wp-content\/uploads\/2022\/02\/foto-vbc-spain.png?w=1024\" alt=\"\" class=\"wp-image-759\" srcset=\"https:\/\/venbc.org\/wp-content\/uploads\/2022\/02\/foto-vbc-spain.png 1149w, https:\/\/venbc.org\/wp-content\/uploads\/2022\/02\/foto-vbc-spain-300x159.png 300w, https:\/\/venbc.org\/wp-content\/uploads\/2022\/02\/foto-vbc-spain-1024x544.png 1024w, https:\/\/venbc.org\/wp-content\/uploads\/2022\/02\/foto-vbc-spain-768x408.png 768w\" sizes=\"auto, (max-width: 1149px) 100vw, 1149px\" \/><\/figure>\n\n\n\n<p class=\"has-text-align-left\">Con una Junta Directiva renovada en 2020, el VBC Espa\u00f1a mantiene equipos locales en Madrid, Barcelona y Las Palmas, fomentando el networking, eventos y relaciones entre las distintas sedes.<\/p>\n\n\n\n<div style=\"height:32px;\" aria-hidden=\"true\" class=\"wp-block-spacer\"><\/div>\n\n\n\n<div class=\"wp-block-group alignwide\"><div class=\"wp-block-group__inner-container is-layout-flow wp-block-group-is-layout-flow\">\n<div class=\"wp-block-media-text alignwide is-stacked-on-mobile\"><figure class=\"wp-block-media-text__media\"><img loading=\"lazy\" decoding=\"async\" width=\"500\" height=\"663\" src=\"https:\/\/venbc.org\/wp-content\/uploads\/2020\/04\/vbc-miguel.jpg?w=500\" alt=\"\" class=\"wp-image-50 size-full\" srcset=\"https:\/\/venbc.org\/wp-content\/uploads\/2020\/04\/vbc-miguel.jpg 500w, https:\/\/venbc.org\/wp-content\/uploads\/2020\/04\/vbc-miguel-226x300.jpg 226w\" sizes=\"auto, (max-width: 500px) 100vw, 500px\" \/><\/figure><div class=\"wp-block-media-text__content\">\n<h2 class=\"has-text-align-left wp-block-heading\" id=\"miguel-villaroel\">Miguel Villaroel<\/h2>\n\n\n\n<p class=\"has-text-align-left\" style=\"font-size:16px;\">Fundador y Presidente del VBC Internacional. <em>Vicepresidente de la Federaci\u00f3n Internacional de Sociedades Nacionales de la Cruz roja y de la Media Luna Roja.<\/em><\/p>\n\n\n\n<p>Abogado, egresado de la Universidad Cat\u00f3lica Andr\u00e9s Bello de Venezuela. Especialista en Derecho Penal de la Universidad de Pante\u00f3n-Assas de Paris, Francia; Especialista en Docencia Universitaria de la Universidad Santa Mar\u00eda de Caracas; Magister en Derecho Penal en la Universidad Santa Mar\u00eda Caracas, especialista en Derecho Penal General de la Universidad de Salamanca, Espa\u00f1a, as\u00ed como otros t\u00edtulos, diplomados y cursos tanto a nivel internacional como nacional.<\/p>\n\n\n\n<p>Miembro de distintas organizaciones culturales, jur\u00eddicas y humanitarias venezolanas.<\/p>\n\n\n\n<p>www.miguelvillaroel.com<\/p>\n<\/div><\/div>\n<\/div><\/div>\n\n\n\n<div class=\"wp-block-media-text alignwide has-media-on-the-right is-stacked-on-mobile\"><figure class=\"wp-block-media-text__media\"><img loading=\"lazy\" decoding=\"async\" width=\"500\" height=\"663\" src=\"https:\/\/venbc.org\/wp-content\/uploads\/2020\/04\/vbc-quique.jpg?w=500\" alt=\"\" class=\"wp-image-52 size-full\" srcset=\"https:\/\/venbc.org\/wp-content\/uploads\/2020\/04\/vbc-quique.jpg 500w, https:\/\/venbc.org\/wp-content\/uploads\/2020\/04\/vbc-quique-226x300.jpg 226w\" sizes=\"auto, (max-width: 500px) 100vw, 500px\" \/><\/figure><div class=\"wp-block-media-text__content\">\n<h2 class=\"has-text-align-left wp-block-heading\" id=\"enrique-lahuerta\">Enrique Lahuerta<\/h2>\n\n\n\n<p class=\"has-text-align-left\" style=\"font-size:16px;\"><em>Vicepresidente VBC Espa\u00f1a. Socio-director BAE (Bienvenido a Europa). Asesor financiero e inversor en startups<\/em>.<\/p>\n\n\n\n<p>Enrique Lahuerta es cofundador de Bienvenido a Europa, &nbsp;una empresa dedicada a facilitar la llegada de personas, familias e inversiones a Espa\u00f1a, con especialidad en Golden Visa y pasaporte europeo para nacionalidad sefard\u00ed.<\/p>\n\n\n\n<p>Es Licenciado en Administraci\u00f3n de Empresas por la Universidad Cardenal Cisneros y por la University of Rzeszow (Dinamarca) con grado <em>Cum Laude<\/em>.<\/p>\n\n\n\n<p>Trabaj\u00f3 como analista en Renta4 y es inversor en algunas de las startups tecnol\u00f3gicas m\u00e1s relevantes de Espa\u00f1a.<\/p>\n\n\n\n<p>www.bienvenidoaeuropa.com<\/p>\n<\/div><\/div>\n\n\n\n<div class=\"wp-block-media-text alignwide is-stacked-on-mobile\"><figure class=\"wp-block-media-text__media\"><img loading=\"lazy\" decoding=\"async\" width=\"500\" height=\"663\" src=\"https:\/\/venbc.org\/wp-content\/uploads\/2020\/04\/vbc-mariale.jpg?w=500\" alt=\"\" class=\"wp-image-49 size-full\" srcset=\"https:\/\/venbc.org\/wp-content\/uploads\/2020\/04\/vbc-mariale.jpg 500w, https:\/\/venbc.org\/wp-content\/uploads\/2020\/04\/vbc-mariale-226x300.jpg 226w\" sizes=\"auto, (max-width: 500px) 100vw, 500px\" \/><\/figure><div class=\"wp-block-media-text__content\">\n<h2 class=\"has-text-align-left wp-block-heading\" id=\"mariale-mikelson\">Mariale M\u00edkelson<\/h2>\n\n\n\n<p class=\"has-text-align-left\" style=\"font-size:16px;\"><em>Secretaria General VBC Espa\u00f1a. Abogada especialista en inmigraci\u00f3n e inversi\u00f3n<\/em>.<\/p>\n\n\n\n<p>Mariale M\u00edkelson, venezolana residente en Espa\u00f1a desde hace m\u00e1s de 11 a\u00f1os. Abogada egresada de la Universidad Santa Mar\u00eda y homologada por la Universidad de Alcal\u00e1 de Henares en Madrid. Especialista en Derecho Espa\u00f1ol para Juristas Extranjeros por la UAH y M\u00e1ster en Asesor\u00eda Fiscal, Laboral y Contable por la Universidad Europea de Madrid.<\/p>\n\n\n\n<p>Se desempe\u00f1a como asesora en materia migratoria y e inversi\u00f3n en Madrid a trav\u00e9s del GrupoGran; participando en distintos proyectos sociales de ayuda al emigrante venezolano como @legalizados y @yosoyrefugiado. Fue Estrella de Oro a la Excelencia Profesional en 2016 por la Comunidad de Madrid.<\/p>\n<\/div><\/div>\n\n\n\n<div class=\"wp-block-media-text alignwide has-media-on-the-right is-stacked-on-mobile is-image-fill\"><figure class=\"wp-block-media-text__media\" style=\"background-image:url('https:\/\/venbc.org\/wp-content\/uploads\/2020\/04\/vbc-miguelc.jpg?w=500');background-position:50% 50%;\"><img loading=\"lazy\" decoding=\"async\" width=\"500\" height=\"663\" src=\"https:\/\/venbc.org\/wp-content\/uploads\/2020\/04\/vbc-miguelc.jpg?w=500\" alt=\"\" class=\"wp-image-51 size-full\" srcset=\"https:\/\/venbc.org\/wp-content\/uploads\/2020\/04\/vbc-miguelc.jpg 500w, https:\/\/venbc.org\/wp-content\/uploads\/2020\/04\/vbc-miguelc-226x300.jpg 226w\" sizes=\"auto, (max-width: 500px) 100vw, 500px\" \/><\/figure><div class=\"wp-block-media-text__content\">\n<h2 class=\"has-text-align-left wp-block-heading\" id=\"miguel-caballero\">Miguel Caballero<\/h2>\n\n\n\n<p class=\"has-text-align-left\" style=\"font-size:16px;\"><em>Director Espa\u00f1a VBC. Consejero Delegado Tutellus. Conferenciante internacional de Blockchain. Escritor.<\/em><\/p>\n\n\n\n<p>Miguel Caballero es Ingeniero Industrial y MBA por el Instituto de Empresa. Ha cofundado varias empresas hasta que en 2013 est\u00e1 dedicado de lleno a Tutellus, la plataforma de videoformaci\u00f3n m\u00e1s grande del mundo hispano.<\/p>\n\n\n\n<p>Al mismo tiempo Miguel es cofundador de TurinLabs (aceleradora de proyectos crypto) y Masterfather (plataforma de Edutainment musical), Advisor e inversor en startups.<\/p>\n\n\n\n<p>Miguel impulsa otros proyectos y es pionero en el desarrollo de tecnolog\u00eda crypto, y conferencista habitual por todo el mundo en foros de Blockchain. Tambi\u00e9n es autor del libro \u00ab<em>Bitcoin, Blockchain y tokenizaci\u00f3n para inquietos<\/em>\u00ab.<\/p>\n\n\n\n<p>www.miguelcaballero.eu<\/p>\n<\/div><\/div>\n\n\n\n<hr class=\"wp-block-separator is-style-wide\" \/>\n\n\n\n<h2 class=\"wp-block-heading\" id=\"vbc-madrid\">VBC Madrid<\/h2>\n\n\n\n<div class=\"wp-block-group\"><div class=\"wp-block-group__inner-container is-layout-flow wp-block-group-is-layout-flow\">\n<ul class=\"wp-block-list\"><li>M\u00f3nica Olavarr\u00eda (Directora de sede)<\/li><li>Munir Callaos<\/li><li>Laura Mart\u00ednez<\/li><li>Laura S\u00e1nchez<\/li><li>Mariana Cede\u00f1o<\/li><\/ul>\n\n\n\n<h2 class=\"wp-block-heading\" id=\"vbc-barcelona\">VBC Barcelona<\/h2>\n\n\n\n<ul class=\"wp-block-list\"><li>Laura Ram\u00edrez (Directora de sede)<\/li><li>Annette Malave<\/li><li>Mar Pernalete<\/li><\/ul>\n\n\n\n<h2 class=\"wp-block-heading\" id=\"vbc-canarias\">VBC Canarias<\/h2>\n\n\n\n<ul class=\"wp-block-list\"><li>Artemi Pacheco (Director de sede)<\/li><li>Albania Oyarzumn<\/li><li>Ayarith Tineo<\/li><li>Daniel Farias<\/li><li>Enrique Mac\u00edas<\/li><li>Gustavo Achong<\/li><li>Yessica Ferreiro<\/li><li>Wladimir Aguilar<\/li><\/ul>\n\n\n\n<p><\/p>\n<\/div><\/div>\n","protected":false},"excerpt":{"rendered":"<p>Con una Junta Directiva renovada en 2020, el VBC Espa\u00f1a mantiene equipos locales en Madrid, Barcelona y Las Palmas, fomentando el networking, eventos y relaciones entre las distintas sedes. Miguel Villaroel Fundador y Presidente del VBC Internacional. Vicepresidente de la Federaci\u00f3n Internacional de Sociedades Nacionales de la Cruz roja y de la Media Luna Roja. [&hellip;]<\/p>\n","protected":false},"author":2,"featured_media":0,"parent":0,"menu_order":0,"comment_status":"closed","ping_status":"closed","template":"","meta":{"footnotes":""},"class_list":["post-45","page","type-page","status-publish","hentry"],"yoast_head":"<!-- This site is optimized with the Yoast SEO plugin v19.3 - https:\/\/yoast.com\/wordpress\/plugins\/seo\/ -->\n<title>Espa\u00f1a - VBC - Venezuelan Business Club<\/title>\n<meta name=\"robots\" content=\"index, follow, max-snippet:-1, max-image-preview:large, max-video-preview:-1\" \/>\n<link rel=\"canonical\" href=\"https:\/\/venbc.org\/index.php\/espana\/\" \/>\n<meta property=\"og:locale\" content=\"es_ES\" \/>\n<meta property=\"og:type\" content=\"article\" \/>\n<meta property=\"og:title\" content=\"Espa\u00f1a - VBC - Venezuelan Business Club\" \/>\n<meta property=\"og:description\" content=\"Con una Junta Directiva renovada en 2020, el VBC Espa\u00f1a mantiene equipos locales en Madrid, Barcelona y Las Palmas, fomentando el networking, eventos y relaciones entre las distintas sedes. Miguel Villaroel Fundador y Presidente del VBC Internacional. Vicepresidente de la Federaci\u00f3n Internacional de Sociedades Nacionales de la Cruz roja y de la Media Luna Roja. [&hellip;]\" \/>\n<meta property=\"og:url\" content=\"https:\/\/venbc.org\/index.php\/espana\/\" \/>\n<meta property=\"og:site_name\" content=\"VBC - Venezuelan Business Club\" \/>\n<meta property=\"og:image\" content=\"https:\/\/vbcglobal.files.wordpress.com\/2022\/02\/foto-vbc-spain.png?w=1024\" \/>\n<meta name=\"twitter:card\" content=\"summary_large_image\" \/>\n<meta name=\"twitter:label1\" content=\"Tiempo de lectura\" \/>\n\t<meta name=\"twitter:data1\" content=\"3 minutos\" \/>\n<script type=\"application\/ld+json\" class=\"yoast-schema-graph\">{\"@context\":\"https:\/\/schema.org\",\"@graph\":[{\"@type\":\"Organization\",\"@id\":\"https:\/\/venbc.org\/#organization\",\"name\":\"VBC - Venezuelan Business Club\",\"url\":\"https:\/\/venbc.org\/\",\"sameAs\":[],\"logo\":{\"@type\":\"ImageObject\",\"inLanguage\":\"es\",\"@id\":\"https:\/\/venbc.org\/#\/schema\/logo\/image\/\",\"url\":\"https:\/\/venbc.org\/wp-content\/uploads\/2020\/04\/cropped-vbc-logo-azul-200px.png\",\"contentUrl\":\"https:\/\/venbc.org\/wp-content\/uploads\/2020\/04\/cropped-vbc-logo-azul-200px.png\",\"width\":200,\"height\":65,\"caption\":\"VBC - Venezuelan Business Club\"},\"image\":{\"@id\":\"https:\/\/venbc.org\/#\/schema\/logo\/image\/\"}},{\"@type\":\"WebSite\",\"@id\":\"https:\/\/venbc.org\/#website\",\"url\":\"https:\/\/venbc.org\/\",\"name\":\"VBC - Venezuelan Business Club\",\"description\":\"Red global de empresarios latinos\",\"publisher\":{\"@id\":\"https:\/\/venbc.org\/#organization\"},\"potentialAction\":[{\"@type\":\"SearchAction\",\"target\":{\"@type\":\"EntryPoint\",\"urlTemplate\":\"https:\/\/venbc.org\/?s={search_term_string}\"},\"query-input\":\"required name=search_term_string\"}],\"inLanguage\":\"es\"},{\"@type\":\"ImageObject\",\"inLanguage\":\"es\",\"@id\":\"https:\/\/venbc.org\/index.php\/espana\/#primaryimage\",\"url\":\"https:\/\/venbc.org\/wp-content\/uploads\/2022\/02\/foto-vbc-spain.png?w=1024\",\"contentUrl\":\"https:\/\/venbc.org\/wp-content\/uploads\/2022\/02\/foto-vbc-spain.png?w=1024\"},{\"@type\":\"WebPage\",\"@id\":\"https:\/\/venbc.org\/index.php\/espana\/\",\"url\":\"https:\/\/venbc.org\/index.php\/espana\/\",\"name\":\"Espa\u00f1a - VBC - Venezuelan Business Club\",\"isPartOf\":{\"@id\":\"https:\/\/venbc.org\/#website\"},\"primaryImageOfPage\":{\"@id\":\"https:\/\/venbc.org\/index.php\/espana\/#primaryimage\"},\"datePublished\":\"2020-04-27T08:00:42+00:00\",\"dateModified\":\"2020-04-27T08:00:42+00:00\",\"breadcrumb\":{\"@id\":\"https:\/\/venbc.org\/index.php\/espana\/#breadcrumb\"},\"inLanguage\":\"es\",\"potentialAction\":[{\"@type\":\"ReadAction\",\"target\":[\"https:\/\/venbc.org\/index.php\/espana\/\"]}]},{\"@type\":\"BreadcrumbList\",\"@id\":\"https:\/\/venbc.org\/index.php\/espana\/#breadcrumb\",\"itemListElement\":[{\"@type\":\"ListItem\",\"position\":1,\"name\":\"Portada\",\"item\":\"https:\/\/venbc.org\/\"},{\"@type\":\"ListItem\",\"position\":2,\"name\":\"Espa\u00f1a\"}]}]}<\/script>\n<!-- \/ Yoast SEO plugin. -->","yoast_head_json":{"title":"Espa\u00f1a - VBC - Venezuelan Business Club","robots":{"index":"index","follow":"follow","max-snippet":"max-snippet:-1","max-image-preview":"max-image-preview:large","max-video-preview":"max-video-preview:-1"},"canonical":"https:\/\/venbc.org\/index.php\/espana\/","og_locale":"es_ES","og_type":"article","og_title":"Espa\u00f1a - VBC - Venezuelan Business Club","og_description":"Con una Junta Directiva renovada en 2020, el VBC Espa\u00f1a mantiene equipos locales en Madrid, Barcelona y Las Palmas, fomentando el networking, eventos y relaciones entre las distintas sedes. Miguel Villaroel Fundador y Presidente del VBC Internacional. Vicepresidente de la Federaci\u00f3n Internacional de Sociedades Nacionales de la Cruz roja y de la Media Luna Roja. [&hellip;]","og_url":"https:\/\/venbc.org\/index.php\/espana\/","og_site_name":"VBC - Venezuelan Business Club","og_image":[{"url":"https:\/\/vbcglobal.files.wordpress.com\/2022\/02\/foto-vbc-spain.png?w=1024"}],"twitter_card":"summary_large_image","twitter_misc":{"Tiempo de lectura":"3 minutos"},"schema":{"@context":"https:\/\/schema.org","@graph":[{"@type":"Organization","@id":"https:\/\/venbc.org\/#organization","name":"VBC - Venezuelan Business Club","url":"https:\/\/venbc.org\/","sameAs":[],"logo":{"@type":"ImageObject","inLanguage":"es","@id":"https:\/\/venbc.org\/#\/schema\/logo\/image\/","url":"https:\/\/venbc.org\/wp-content\/uploads\/2020\/04\/cropped-vbc-logo-azul-200px.png","contentUrl":"https:\/\/venbc.org\/wp-content\/uploads\/2020\/04\/cropped-vbc-logo-azul-200px.png","width":200,"height":65,"caption":"VBC - Venezuelan Business Club"},"image":{"@id":"https:\/\/venbc.org\/#\/schema\/logo\/image\/"}},{"@type":"WebSite","@id":"https:\/\/venbc.org\/#website","url":"https:\/\/venbc.org\/","name":"VBC - Venezuelan Business Club","description":"Red global de empresarios latinos","publisher":{"@id":"https:\/\/venbc.org\/#organization"},"potentialAction":[{"@type":"SearchAction","target":{"@type":"EntryPoint","urlTemplate":"https:\/\/venbc.org\/?s={search_term_string}"},"query-input":"required name=search_term_string"}],"inLanguage":"es"},{"@type":"ImageObject","inLanguage":"es","@id":"https:\/\/venbc.org\/index.php\/espana\/#primaryimage","url":"https:\/\/venbc.org\/wp-content\/uploads\/2022\/02\/foto-vbc-spain.png?w=1024","contentUrl":"https:\/\/venbc.org\/wp-content\/uploads\/2022\/02\/foto-vbc-spain.png?w=1024"},{"@type":"WebPage","@id":"https:\/\/venbc.org\/index.php\/espana\/","url":"https:\/\/venbc.org\/index.php\/espana\/","name":"Espa\u00f1a - VBC - Venezuelan Business Club","isPartOf":{"@id":"https:\/\/venbc.org\/#website"},"primaryImageOfPage":{"@id":"https:\/\/venbc.org\/index.php\/espana\/#primaryimage"},"datePublished":"2020-04-27T08:00:42+00:00","dateModified":"2020-04-27T08:00:42+00:00","breadcrumb":{"@id":"https:\/\/venbc.org\/index.php\/espana\/#breadcrumb"},"inLanguage":"es","potentialAction":[{"@type":"ReadAction","target":["https:\/\/venbc.org\/index.php\/espana\/"]}]},{"@type":"BreadcrumbList","@id":"https:\/\/venbc.org\/index.php\/espana\/#breadcrumb","itemListElement":[{"@type":"ListItem","position":1,"name":"Portada","item":"https:\/\/venbc.org\/"},{"@type":"ListItem","position":2,"name":"Espa\u00f1a"}]}]}},"_links":{"self":[{"href":"https:\/\/venbc.org\/index.php\/wp-json\/wp\/v2\/pages\/45","targetHints":{"allow":["GET"]}}],"collection":[{"href":"https:\/\/venbc.org\/index.php\/wp-json\/wp\/v2\/pages"}],"about":[{"href":"https:\/\/venbc.org\/index.php\/wp-json\/wp\/v2\/types\/page"}],"author":[{"embeddable":true,"href":"https:\/\/venbc.org\/index.php\/wp-json\/wp\/v2\/users\/2"}],"replies":[{"embeddable":true,"href":"https:\/\/venbc.org\/index.php\/wp-json\/wp\/v2\/comments?post=45"}],"version-history":[{"count":0,"href":"https:\/\/venbc.org\/index.php\/wp-json\/wp\/v2\/pages\/45\/revisions"}],"wp:attachment":[{"href":"https:\/\/venbc.org\/index.php\/wp-json\/wp\/v2\/media?parent=45"}],"curies":[{"name":"wp","href":"https:\/\/api.w.org\/{rel}","templated":true}]}}