{"id":242,"date":"2020-07-01T06:06:40","date_gmt":"2020-07-01T06:06:40","guid":{"rendered":"https:\/\/vbcglobal.wordpress.com\/?page_id=242"},"modified":"2020-07-01T06:06:40","modified_gmt":"2020-07-01T06:06:40","slug":"el-blog-de-vbc","status":"publish","type":"page","link":"https:\/\/venbc.org\/index.php\/el-blog-de-vbc\/","title":{"rendered":"El Blog de VBC"},"content":{"rendered":"\n<div class=\"wp-block-group alignfull has-background-background-color has-background\"><div class=\"wp-block-group__inner-container is-layout-flow wp-block-group-is-layout-flow\">\n<div class=\"wp-block-jetpack-layout-grid alignfull column1-desktop-grid__span-9 column1-desktop-grid__row-1 column2-desktop-grid__span-3 column2-desktop-grid__start-10 column2-desktop-grid__row-1 column1-tablet-grid__span-5 column1-tablet-grid__row-1 column2-tablet-grid__span-3 column2-tablet-grid__start-6 column2-tablet-grid__row-1 column1-mobile-grid__span-4 column1-mobile-grid__row-1 column2-mobile-grid__span-4 column2-mobile-grid__row-2\">\n<div class=\"wp-block-jetpack-layout-grid-column wp-block-jetpack-layout-grid__padding-large\"><\/div>\n\n\n\n<div class=\"wp-block-jetpack-layout-grid-column wp-block-jetpack-layout-grid__padding-large\">\n<figure class=\"wp-block-image size-large\"><img loading=\"lazy\" decoding=\"async\" width=\"1149\" height=\"610\" src=\"https:\/\/venbc.org\/wp-content\/uploads\/2020\/05\/vbcint-1.jpg?w=750\" alt=\"\" class=\"wp-image-213\" srcset=\"https:\/\/venbc.org\/wp-content\/uploads\/2020\/05\/vbcint-1.jpg 1149w, https:\/\/venbc.org\/wp-content\/uploads\/2020\/05\/vbcint-1-300x159.jpg 300w, https:\/\/venbc.org\/wp-content\/uploads\/2020\/05\/vbcint-1-1024x544.jpg 1024w, https:\/\/venbc.org\/wp-content\/uploads\/2020\/05\/vbcint-1-768x408.jpg 768w\" sizes=\"auto, (max-width: 1149px) 100vw, 1149px\" \/><\/figure>\n\n\n\n<h5 class=\"wp-block-heading\">Sobre el VBC<\/h5>\n\n\n\n<p class=\"has-small-font-size\">Somos un grupo de empresarios latinos con alcance global, sedes en m\u00faltiples pa\u00edses (Espa\u00f1a, USA, Venezuela, Panam\u00e1 y UK) y con un objetivo com\u00fan: acercar nuestras empresas, cultura y relaciones fomentando el intercambio mutuo de valor.<\/p>\n\n\n\n<ul class=\"wp-block-social-links is-layout-flex wp-block-social-links-is-layout-flex\">\n\n<li class=\"wp-social-link wp-social-link-facebook  wp-block-social-link\"><a href=\"https:\/\/facebook.com\/venbc\" class=\"wp-block-social-link-anchor\"><svg width=\"24\" height=\"24\" viewBox=\"0 0 24 24\" version=\"1.1\" xmlns=\"http:\/\/www.w3.org\/2000\/svg\" aria-hidden=\"true\" focusable=\"false\"><path d=\"M12 2C6.5 2 2 6.5 2 12c0 5 3.7 9.1 8.4 9.9v-7H7.9V12h2.5V9.8c0-2.5 1.5-3.9 3.8-3.9 1.1 0 2.2.2 2.2.2v2.5h-1.3c-1.2 0-1.6.8-1.6 1.6V12h2.8l-.4 2.9h-2.3v7C18.3 21.1 22 17 22 12c0-5.5-4.5-10-10-10z\"><\/path><\/svg><span class=\"wp-block-social-link-label screen-reader-text\">Facebook<\/span><\/a><\/li>\n\n<li class=\"wp-social-link wp-social-link-twitter  wp-block-social-link\"><a href=\"https:\/\/twitter.com\/venbc\" class=\"wp-block-social-link-anchor\"><svg width=\"24\" height=\"24\" viewBox=\"0 0 24 24\" version=\"1.1\" xmlns=\"http:\/\/www.w3.org\/2000\/svg\" aria-hidden=\"true\" focusable=\"false\"><path d=\"M22.23,5.924c-0.736,0.326-1.527,0.547-2.357,0.646c0.847-0.508,1.498-1.312,1.804-2.27 c-0.793,0.47-1.671,0.812-2.606,0.996C18.324,4.498,17.257,4,16.077,4c-2.266,0-4.103,1.837-4.103,4.103 c0,0.322,0.036,0.635,0.106,0.935C8.67,8.867,5.647,7.234,3.623,4.751C3.27,5.357,3.067,6.062,3.067,6.814 c0,1.424,0.724,2.679,1.825,3.415c-0.673-0.021-1.305-0.206-1.859-0.513c0,0.017,0,0.034,0,0.052c0,1.988,1.414,3.647,3.292,4.023 c-0.344,0.094-0.707,0.144-1.081,0.144c-0.264,0-0.521-0.026-0.772-0.074c0.522,1.63,2.038,2.816,3.833,2.85 c-1.404,1.1-3.174,1.756-5.096,1.756c-0.331,0-0.658-0.019-0.979-0.057c1.816,1.164,3.973,1.843,6.29,1.843 c7.547,0,11.675-6.252,11.675-11.675c0-0.178-0.004-0.355-0.012-0.531C20.985,7.47,21.68,6.747,22.23,5.924z\"><\/path><\/svg><span class=\"wp-block-social-link-label screen-reader-text\">Twitter<\/span><\/a><\/li>\n\n<li class=\"wp-social-link wp-social-link-instagram  wp-block-social-link\"><a href=\"https:\/\/instagram.com\/vbc_es\" class=\"wp-block-social-link-anchor\"><svg width=\"24\" height=\"24\" viewBox=\"0 0 24 24\" version=\"1.1\" xmlns=\"http:\/\/www.w3.org\/2000\/svg\" aria-hidden=\"true\" focusable=\"false\"><path d=\"M12,4.622c2.403,0,2.688,0.009,3.637,0.052c0.877,0.04,1.354,0.187,1.671,0.31c0.42,0.163,0.72,0.358,1.035,0.673 c0.315,0.315,0.51,0.615,0.673,1.035c0.123,0.317,0.27,0.794,0.31,1.671c0.043,0.949,0.052,1.234,0.052,3.637 s-0.009,2.688-0.052,3.637c-0.04,0.877-0.187,1.354-0.31,1.671c-0.163,0.42-0.358,0.72-0.673,1.035 c-0.315,0.315-0.615,0.51-1.035,0.673c-0.317,0.123-0.794,0.27-1.671,0.31c-0.949,0.043-1.233,0.052-3.637,0.052 s-2.688-0.009-3.637-0.052c-0.877-0.04-1.354-0.187-1.671-0.31c-0.42-0.163-0.72-0.358-1.035-0.673 c-0.315-0.315-0.51-0.615-0.673-1.035c-0.123-0.317-0.27-0.794-0.31-1.671C4.631,14.688,4.622,14.403,4.622,12 s0.009-2.688,0.052-3.637c0.04-0.877,0.187-1.354,0.31-1.671c0.163-0.42,0.358-0.72,0.673-1.035 c0.315-0.315,0.615-0.51,1.035-0.673c0.317-0.123,0.794-0.27,1.671-0.31C9.312,4.631,9.597,4.622,12,4.622 M12,3 C9.556,3,9.249,3.01,8.289,3.054C7.331,3.098,6.677,3.25,6.105,3.472C5.513,3.702,5.011,4.01,4.511,4.511 c-0.5,0.5-0.808,1.002-1.038,1.594C3.25,6.677,3.098,7.331,3.054,8.289C3.01,9.249,3,9.556,3,12c0,2.444,0.01,2.751,0.054,3.711 c0.044,0.958,0.196,1.612,0.418,2.185c0.23,0.592,0.538,1.094,1.038,1.594c0.5,0.5,1.002,0.808,1.594,1.038 c0.572,0.222,1.227,0.375,2.185,0.418C9.249,20.99,9.556,21,12,21s2.751-0.01,3.711-0.054c0.958-0.044,1.612-0.196,2.185-0.418 c0.592-0.23,1.094-0.538,1.594-1.038c0.5-0.5,0.808-1.002,1.038-1.594c0.222-0.572,0.375-1.227,0.418-2.185 C20.99,14.751,21,14.444,21,12s-0.01-2.751-0.054-3.711c-0.044-0.958-0.196-1.612-0.418-2.185c-0.23-0.592-0.538-1.094-1.038-1.594 c-0.5-0.5-1.002-0.808-1.594-1.038c-0.572-0.222-1.227-0.375-2.185-0.418C14.751,3.01,14.444,3,12,3L12,3z M12,7.378 c-2.552,0-4.622,2.069-4.622,4.622S9.448,16.622,12,16.622s4.622-2.069,4.622-4.622S14.552,7.378,12,7.378z M12,15 c-1.657,0-3-1.343-3-3s1.343-3,3-3s3,1.343,3,3S13.657,15,12,15z M16.804,6.116c-0.596,0-1.08,0.484-1.08,1.08 s0.484,1.08,1.08,1.08c0.596,0,1.08-0.484,1.08-1.08S17.401,6.116,16.804,6.116z\"><\/path><\/svg><span class=\"wp-block-social-link-label screen-reader-text\">Instagram<\/span><\/a><\/li>\n\n<li class=\"wp-social-link wp-social-link-linkedin  wp-block-social-link\"><a href=\"https:\/\/www.linkedin.com\/company\/venbc\/\" class=\"wp-block-social-link-anchor\"><svg width=\"24\" height=\"24\" viewBox=\"0 0 24 24\" version=\"1.1\" xmlns=\"http:\/\/www.w3.org\/2000\/svg\" aria-hidden=\"true\" focusable=\"false\"><path d=\"M19.7,3H4.3C3.582,3,3,3.582,3,4.3v15.4C3,20.418,3.582,21,4.3,21h15.4c0.718,0,1.3-0.582,1.3-1.3V4.3 C21,3.582,20.418,3,19.7,3z M8.339,18.338H5.667v-8.59h2.672V18.338z M7.004,8.574c-0.857,0-1.549-0.694-1.549-1.548 c0-0.855,0.691-1.548,1.549-1.548c0.854,0,1.547,0.694,1.547,1.548C8.551,7.881,7.858,8.574,7.004,8.574z M18.339,18.338h-2.669 v-4.177c0-0.996-0.017-2.278-1.387-2.278c-1.389,0-1.601,1.086-1.601,2.206v4.249h-2.667v-8.59h2.559v1.174h0.037 c0.356-0.675,1.227-1.387,2.526-1.387c2.703,0,3.203,1.779,3.203,4.092V18.338z\"><\/path><\/svg><span class=\"wp-block-social-link-label screen-reader-text\">LinkedIn<\/span><\/a><\/li>\n\n<li class=\"wp-social-link wp-social-link-youtube  wp-block-social-link\"><a href=\"https:\/\/www.youtube.com\/channel\/UCUFsysYY_1dBw4-9pwIvh6Q\" class=\"wp-block-social-link-anchor\"><svg width=\"24\" height=\"24\" viewBox=\"0 0 24 24\" version=\"1.1\" xmlns=\"http:\/\/www.w3.org\/2000\/svg\" aria-hidden=\"true\" focusable=\"false\"><path d=\"M21.8,8.001c0,0-0.195-1.378-0.795-1.985c-0.76-0.797-1.613-0.801-2.004-0.847c-2.799-0.202-6.997-0.202-6.997-0.202 h-0.009c0,0-4.198,0-6.997,0.202C4.608,5.216,3.756,5.22,2.995,6.016C2.395,6.623,2.2,8.001,2.2,8.001S2,9.62,2,11.238v1.517 c0,1.618,0.2,3.237,0.2,3.237s0.195,1.378,0.795,1.985c0.761,0.797,1.76,0.771,2.205,0.855c1.6,0.153,6.8,0.201,6.8,0.201 s4.203-0.006,7.001-0.209c0.391-0.047,1.243-0.051,2.004-0.847c0.6-0.607,0.795-1.985,0.795-1.985s0.2-1.618,0.2-3.237v-1.517 C22,9.62,21.8,8.001,21.8,8.001z M9.935,14.594l-0.001-5.62l5.404,2.82L9.935,14.594z\"><\/path><\/svg><span class=\"wp-block-social-link-label screen-reader-text\">YouTube<\/span><\/a><\/li><\/ul>\n\n\n\n<div style=\"height:30px;\" aria-hidden=\"true\" class=\"wp-block-spacer\"><\/div>\n\n\n\n<h5 class=\"wp-block-heading\">\u00a1Suscr\u00edbete, es gratis!<\/h5>\n\n\n\n<p class=\"has-small-font-size\">Y accede a contenido de calidad escrito para gente inquieta como t\u00fa.<\/p>\n\n\n\n<div class=\"wp-block-jetpack-subscriptions\">[jetpack_subscription_form show_only_email_and_button=\u00bbtrue\u00bb custom_background_button_color=\u00bbundefined\u00bb custom_text_button_color=\u00bbundefined\u00bb submit_button_text=\u00bbSUSCRIBIR\u00bb submit_button_classes=\u00bbundefined\u00bb show_subscribers_total=\u00bbfalse\u00bb ]<\/div>\n<\/div>\n<\/div>\n<\/div><\/div>\n","protected":false},"excerpt":{"rendered":"","protected":false},"author":2,"featured_media":0,"parent":0,"menu_order":0,"comment_status":"closed","ping_status":"closed","template":"","meta":{"footnotes":""},"class_list":["post-242","page","type-page","status-publish","hentry"],"yoast_head":"<!-- This site is optimized with the Yoast SEO plugin v19.3 - https:\/\/yoast.com\/wordpress\/plugins\/seo\/ -->\n<title>El Blog de VBC - VBC - Venezuelan Business Club<\/title>\n<meta name=\"robots\" content=\"index, follow, max-snippet:-1, max-image-preview:large, max-video-preview:-1\" \/>\n<link rel=\"canonical\" href=\"https:\/\/venbc.org\/index.php\/el-blog-de-vbc\/\" \/>\n<meta property=\"og:locale\" content=\"es_ES\" \/>\n<meta property=\"og:type\" content=\"article\" \/>\n<meta property=\"og:title\" content=\"El Blog de VBC - VBC - Venezuelan Business Club\" \/>\n<meta property=\"og:url\" content=\"https:\/\/venbc.org\/index.php\/el-blog-de-vbc\/\" \/>\n<meta property=\"og:site_name\" content=\"VBC - Venezuelan Business Club\" \/>\n<meta property=\"og:image\" content=\"https:\/\/vbcglobal.files.wordpress.com\/2020\/05\/vbcint-1.jpg?w=750\" \/>\n<meta name=\"twitter:card\" content=\"summary_large_image\" \/>\n<script type=\"application\/ld+json\" class=\"yoast-schema-graph\">{\"@context\":\"https:\/\/schema.org\",\"@graph\":[{\"@type\":\"Organization\",\"@id\":\"https:\/\/venbc.org\/#organization\",\"name\":\"VBC - Venezuelan Business Club\",\"url\":\"https:\/\/venbc.org\/\",\"sameAs\":[],\"logo\":{\"@type\":\"ImageObject\",\"inLanguage\":\"es\",\"@id\":\"https:\/\/venbc.org\/#\/schema\/logo\/image\/\",\"url\":\"https:\/\/venbc.org\/wp-content\/uploads\/2020\/04\/cropped-vbc-logo-azul-200px.png\",\"contentUrl\":\"https:\/\/venbc.org\/wp-content\/uploads\/2020\/04\/cropped-vbc-logo-azul-200px.png\",\"width\":200,\"height\":65,\"caption\":\"VBC - Venezuelan Business Club\"},\"image\":{\"@id\":\"https:\/\/venbc.org\/#\/schema\/logo\/image\/\"}},{\"@type\":\"WebSite\",\"@id\":\"https:\/\/venbc.org\/#website\",\"url\":\"https:\/\/venbc.org\/\",\"name\":\"VBC - Venezuelan Business Club\",\"description\":\"Red global de empresarios latinos\",\"publisher\":{\"@id\":\"https:\/\/venbc.org\/#organization\"},\"potentialAction\":[{\"@type\":\"SearchAction\",\"target\":{\"@type\":\"EntryPoint\",\"urlTemplate\":\"https:\/\/venbc.org\/?s={search_term_string}\"},\"query-input\":\"required name=search_term_string\"}],\"inLanguage\":\"es\"},{\"@type\":\"ImageObject\",\"inLanguage\":\"es\",\"@id\":\"https:\/\/venbc.org\/index.php\/el-blog-de-vbc\/#primaryimage\",\"url\":\"https:\/\/venbc.org\/wp-content\/uploads\/2020\/05\/vbcint-1.jpg?w=750\",\"contentUrl\":\"https:\/\/venbc.org\/wp-content\/uploads\/2020\/05\/vbcint-1.jpg?w=750\"},{\"@type\":\"WebPage\",\"@id\":\"https:\/\/venbc.org\/index.php\/el-blog-de-vbc\/\",\"url\":\"https:\/\/venbc.org\/index.php\/el-blog-de-vbc\/\",\"name\":\"El Blog de VBC - VBC - Venezuelan Business Club\",\"isPartOf\":{\"@id\":\"https:\/\/venbc.org\/#website\"},\"primaryImageOfPage\":{\"@id\":\"https:\/\/venbc.org\/index.php\/el-blog-de-vbc\/#primaryimage\"},\"datePublished\":\"2020-07-01T06:06:40+00:00\",\"dateModified\":\"2020-07-01T06:06:40+00:00\",\"breadcrumb\":{\"@id\":\"https:\/\/venbc.org\/index.php\/el-blog-de-vbc\/#breadcrumb\"},\"inLanguage\":\"es\",\"potentialAction\":[{\"@type\":\"ReadAction\",\"target\":[\"https:\/\/venbc.org\/index.php\/el-blog-de-vbc\/\"]}]},{\"@type\":\"BreadcrumbList\",\"@id\":\"https:\/\/venbc.org\/index.php\/el-blog-de-vbc\/#breadcrumb\",\"itemListElement\":[{\"@type\":\"ListItem\",\"position\":1,\"name\":\"Portada\",\"item\":\"https:\/\/venbc.org\/\"},{\"@type\":\"ListItem\",\"position\":2,\"name\":\"El Blog de VBC\"}]}]}<\/script>\n<!-- \/ Yoast SEO plugin. -->","yoast_head_json":{"title":"El Blog de VBC - VBC - Venezuelan Business Club","robots":{"index":"index","follow":"follow","max-snippet":"max-snippet:-1","max-image-preview":"max-image-preview:large","max-video-preview":"max-video-preview:-1"},"canonical":"https:\/\/venbc.org\/index.php\/el-blog-de-vbc\/","og_locale":"es_ES","og_type":"article","og_title":"El Blog de VBC - VBC - Venezuelan Business Club","og_url":"https:\/\/venbc.org\/index.php\/el-blog-de-vbc\/","og_site_name":"VBC - Venezuelan Business Club","og_image":[{"url":"https:\/\/vbcglobal.files.wordpress.com\/2020\/05\/vbcint-1.jpg?w=750"}],"twitter_card":"summary_large_image","schema":{"@context":"https:\/\/schema.org","@graph":[{"@type":"Organization","@id":"https:\/\/venbc.org\/#organization","name":"VBC - Venezuelan Business Club","url":"https:\/\/venbc.org\/","sameAs":[],"logo":{"@type":"ImageObject","inLanguage":"es","@id":"https:\/\/venbc.org\/#\/schema\/logo\/image\/","url":"https:\/\/venbc.org\/wp-content\/uploads\/2020\/04\/cropped-vbc-logo-azul-200px.png","contentUrl":"https:\/\/venbc.org\/wp-content\/uploads\/2020\/04\/cropped-vbc-logo-azul-200px.png","width":200,"height":65,"caption":"VBC - Venezuelan Business Club"},"image":{"@id":"https:\/\/venbc.org\/#\/schema\/logo\/image\/"}},{"@type":"WebSite","@id":"https:\/\/venbc.org\/#website","url":"https:\/\/venbc.org\/","name":"VBC - Venezuelan Business Club","description":"Red global de empresarios latinos","publisher":{"@id":"https:\/\/venbc.org\/#organization"},"potentialAction":[{"@type":"SearchAction","target":{"@type":"EntryPoint","urlTemplate":"https:\/\/venbc.org\/?s={search_term_string}"},"query-input":"required name=search_term_string"}],"inLanguage":"es"},{"@type":"ImageObject","inLanguage":"es","@id":"https:\/\/venbc.org\/index.php\/el-blog-de-vbc\/#primaryimage","url":"https:\/\/venbc.org\/wp-content\/uploads\/2020\/05\/vbcint-1.jpg?w=750","contentUrl":"https:\/\/venbc.org\/wp-content\/uploads\/2020\/05\/vbcint-1.jpg?w=750"},{"@type":"WebPage","@id":"https:\/\/venbc.org\/index.php\/el-blog-de-vbc\/","url":"https:\/\/venbc.org\/index.php\/el-blog-de-vbc\/","name":"El Blog de VBC - VBC - Venezuelan Business Club","isPartOf":{"@id":"https:\/\/venbc.org\/#website"},"primaryImageOfPage":{"@id":"https:\/\/venbc.org\/index.php\/el-blog-de-vbc\/#primaryimage"},"datePublished":"2020-07-01T06:06:40+00:00","dateModified":"2020-07-01T06:06:40+00:00","breadcrumb":{"@id":"https:\/\/venbc.org\/index.php\/el-blog-de-vbc\/#breadcrumb"},"inLanguage":"es","potentialAction":[{"@type":"ReadAction","target":["https:\/\/venbc.org\/index.php\/el-blog-de-vbc\/"]}]},{"@type":"BreadcrumbList","@id":"https:\/\/venbc.org\/index.php\/el-blog-de-vbc\/#breadcrumb","itemListElement":[{"@type":"ListItem","position":1,"name":"Portada","item":"https:\/\/venbc.org\/"},{"@type":"ListItem","position":2,"name":"El Blog de VBC"}]}]}},"_links":{"self":[{"href":"https:\/\/venbc.org\/index.php\/wp-json\/wp\/v2\/pages\/242","targetHints":{"allow":["GET"]}}],"collection":[{"href":"https:\/\/venbc.org\/index.php\/wp-json\/wp\/v2\/pages"}],"about":[{"href":"https:\/\/venbc.org\/index.php\/wp-json\/wp\/v2\/types\/page"}],"author":[{"embeddable":true,"href":"https:\/\/venbc.org\/index.php\/wp-json\/wp\/v2\/users\/2"}],"replies":[{"embeddable":true,"href":"https:\/\/venbc.org\/index.php\/wp-json\/wp\/v2\/comments?post=242"}],"version-history":[{"count":0,"href":"https:\/\/venbc.org\/index.php\/wp-json\/wp\/v2\/pages\/242\/revisions"}],"wp:attachment":[{"href":"https:\/\/venbc.org\/index.php\/wp-json\/wp\/v2\/media?parent=242"}],"curies":[{"name":"wp","href":"https:\/\/api.w.org\/{rel}","templated":true}]}}