{"id":206,"date":"2020-05-01T18:02:07","date_gmt":"2020-05-01T18:02:07","guid":{"rendered":"https:\/\/vbcglobal.wordpress.com\/?page_id=206"},"modified":"2020-05-01T18:02:07","modified_gmt":"2020-05-01T18:02:07","slug":"vbc-internacional","status":"publish","type":"page","link":"https:\/\/venbc.org\/index.php\/vbc-internacional\/","title":{"rendered":"VBC Internacional"},"content":{"rendered":"\n<figure class=\"wp-block-image size-large\"><img loading=\"lazy\" decoding=\"async\" width=\"1149\" height=\"610\" src=\"https:\/\/venbc.org\/wp-content\/uploads\/2020\/05\/vbcint-1.jpg?w=1024\" alt=\"\" class=\"wp-image-213\" srcset=\"https:\/\/venbc.org\/wp-content\/uploads\/2020\/05\/vbcint-1.jpg 1149w, https:\/\/venbc.org\/wp-content\/uploads\/2020\/05\/vbcint-1-300x159.jpg 300w, https:\/\/venbc.org\/wp-content\/uploads\/2020\/05\/vbcint-1-1024x544.jpg 1024w, https:\/\/venbc.org\/wp-content\/uploads\/2020\/05\/vbcint-1-768x408.jpg 768w\" sizes=\"auto, (max-width: 1149px) 100vw, 1149px\" \/><\/figure>\n\n\n\n<p class=\"has-text-align-left\">VBC Internacional nace en 2003 con el objetivo de&#8230;<\/p>\n\n\n\n<div style=\"height:32px;\" aria-hidden=\"true\" class=\"wp-block-spacer\"><\/div>\n\n\n\n<div class=\"wp-block-group alignwide\"><div class=\"wp-block-group__inner-container is-layout-flow wp-block-group-is-layout-flow\">\n<div class=\"wp-block-media-text alignwide is-stacked-on-mobile is-image-fill\"><figure class=\"wp-block-media-text__media\" style=\"background-image:url('https:\/\/venbc.org\/wp-content\/uploads\/2020\/05\/vbc-miguel3.jpg?w=500');background-position:50% 50%;\"><img loading=\"lazy\" decoding=\"async\" width=\"500\" height=\"663\" src=\"https:\/\/venbc.org\/wp-content\/uploads\/2020\/05\/vbc-miguel3.jpg?w=500\" alt=\"\" class=\"wp-image-209 size-full\" srcset=\"https:\/\/venbc.org\/wp-content\/uploads\/2020\/05\/vbc-miguel3.jpg 500w, https:\/\/venbc.org\/wp-content\/uploads\/2020\/05\/vbc-miguel3-226x300.jpg 226w\" sizes=\"auto, (max-width: 500px) 100vw, 500px\" \/><\/figure><div class=\"wp-block-media-text__content\">\n<h2 class=\"has-text-align-left wp-block-heading\">Miguel Villarroel<\/h2>\n\n\n\n<p class=\"has-text-align-left\" style=\"font-size:16px;\"><em>Fundador y Presidente del VBC Internacional. Vicepresidente de la Federaci\u00f3n Internacional de Sociedades Nacionales de la Cruz roja y de la Media Luna Roja.<\/em><\/p>\n\n\n\n<p>Abogado, egresado de la Universidad Cat\u00f3lica Andr\u00e9s Bello de Venezuela. Especialista en Derecho Penal de la Universidad de Pante\u00f3n-Assas de Paris, Francia; Especialista en Docencia Universitaria de la Universidad Santa Mar\u00eda de Caracas; Magister en Derecho Penal en la Universidad Santa Mar\u00eda Caracas, especialista en Derecho Penal General de la Universidad de Salamanca, Espa\u00f1a, as\u00ed como otros t\u00edtulos, diplomados y cursos tanto a nivel internacional como nacional.<\/p>\n\n\n\n<p>Miembro de distintas organizaciones culturales, jur\u00eddicas y humanitarias venezolanas.<\/p>\n\n\n\n<p>www.miguelvillaroel.com<\/p>\n<\/div><\/div>\n\n\n\n<div class=\"wp-block-media-text alignwide has-media-on-the-right is-stacked-on-mobile is-image-fill\"><figure class=\"wp-block-media-text__media\" style=\"background-image:url('https:\/\/venbc.org\/wp-content\/uploads\/2020\/04\/daniel-naim.jpg?w=500');background-position:50% 50%;\"><img loading=\"lazy\" decoding=\"async\" width=\"500\" height=\"663\" src=\"https:\/\/venbc.org\/wp-content\/uploads\/2020\/04\/daniel-naim.jpg?w=500\" alt=\"\" class=\"wp-image-75 size-full\" srcset=\"https:\/\/venbc.org\/wp-content\/uploads\/2020\/04\/daniel-naim.jpg 500w, https:\/\/venbc.org\/wp-content\/uploads\/2020\/04\/daniel-naim-226x300.jpg 226w\" sizes=\"auto, (max-width: 500px) 100vw, 500px\" \/><\/figure><div class=\"wp-block-media-text__content\">\n<h2 class=\"has-text-align-left wp-block-heading\">Daniel Na\u00edm<\/h2>\n\n\n\n<p class=\"has-text-align-left\" style=\"font-size:16px;\">Fundador y Vicepresidente del VBC Internacional. <em>Presidente de VBC USA y de Naim Development LLC<\/em>.<\/p>\n\n\n\n<p>Daniel Naim has a solid technical and multitasking training as a Systems Engineer, and a Masters in International Business and Administration. This unique background gives him the ability to prepare complete budgets, cash flow analysis and task by task schedules for all his jobs. He also take full advantage of the technology to manage Project Scheduling, Change Orders, Photos, Docs, Selections, POs, Leads, Warranty, Daily Logs and To-Do&#8217;s.<\/p>\n\n\n\n<p>Mr. Naim believes in Green Building Construction. In 2012 he was awarded the Congressional Medal of Merit at the U.S. Capitol in Washington DC.<\/p>\n\n\n\n<p>www.naim.us<\/p>\n<\/div><\/div>\n<\/div><\/div>\n\n\n\n<div class=\"wp-block-media-text alignwide is-stacked-on-mobile\"><figure class=\"wp-block-media-text__media\"><img loading=\"lazy\" decoding=\"async\" width=\"500\" height=\"663\" src=\"https:\/\/venbc.org\/wp-content\/uploads\/2020\/04\/nelson-ramirez.jpg?w=500\" alt=\"\" class=\"wp-image-76 size-full\" srcset=\"https:\/\/venbc.org\/wp-content\/uploads\/2020\/04\/nelson-ramirez.jpg 500w, https:\/\/venbc.org\/wp-content\/uploads\/2020\/04\/nelson-ramirez-226x300.jpg 226w\" sizes=\"auto, (max-width: 500px) 100vw, 500px\" \/><\/figure><div class=\"wp-block-media-text__content\">\n<h2 class=\"has-text-align-left wp-block-heading\">Nelson Ram\u00edrez<\/h2>\n\n\n\n<p class=\"has-text-align-left\" style=\"font-size:16px;\"><em>Vicepresidente VBC USA. Senior executive en Experian<\/em><\/p>\n\n\n\n<p>Nelson Ramirez se desempe\u00f1a como Ejectutivo de Cuentas Global para Experian en Norte Am\u00e9rica. Esta experiencia le ha dado mucha exposici\u00f3n al proceso de manejar clientes y partner de m\u00faltiples culturas en procesos de compra, negociaci\u00f3n, contratos, soporte.<\/p>\n\n\n\n<p>Graduado de Comunicaci\u00f3n Social en la Universidad Cat\u00f3lica Andr\u00e9s Bello en Caracas, Venezuela con un MBA en Negocios Internacionales en Thunderbird School of International Business en Phoenix, AZ.<\/p>\n\n\n\n<p>Desde el punto de vista creativo, Nelson ha realizado trabajos audiovisuales desde la \u00e9poca universitaria y se mantiene activo en \u00e1reas de m\u00fasica, TV y fotograf\u00eda, recibiendo en 2013 el premio EMMY de la Academia Nacional de Arte y Televisi\u00f3n en USA capitulo del Suncoast.<\/p>\n<\/div><\/div>\n\n\n\n<div class=\"wp-block-media-text alignwide has-media-on-the-right is-stacked-on-mobile is-image-fill\"><figure class=\"wp-block-media-text__media\" style=\"background-image:url('https:\/\/venbc.org\/wp-content\/uploads\/2020\/04\/vbc-ven-rey.jpg?w=500');background-position:50% 50%;\"><img loading=\"lazy\" decoding=\"async\" width=\"500\" height=\"663\" src=\"https:\/\/venbc.org\/wp-content\/uploads\/2020\/04\/vbc-ven-rey.jpg?w=500\" alt=\"\" class=\"wp-image-174 size-full\" srcset=\"https:\/\/venbc.org\/wp-content\/uploads\/2020\/04\/vbc-ven-rey.jpg 500w, https:\/\/venbc.org\/wp-content\/uploads\/2020\/04\/vbc-ven-rey-226x300.jpg 226w\" sizes=\"auto, (max-width: 500px) 100vw, 500px\" \/><\/figure><div class=\"wp-block-media-text__content\">\n<h2 class=\"has-text-align-left wp-block-heading\">Reynaldo D\u00edaz<\/h2>\n\n\n\n<p class=\"has-text-align-left\" style=\"font-size:16px;\"><em>Fundador y Tesorero del VBC Internacional. <em>Presidente de VBC Venezuela y Business Advisor<\/em>.<\/em><\/p>\n\n\n\n<p>Su experiencia se ha concentrado en la asesor\u00eda integral de las empresas, acompa\u00f1\u00e1ndolas desde el inicio de sus operaciones hasta el crecimiento y expansi\u00f3n nacional e internacional, aportando valor en \u00e1reas como:<br>* Elaboraci\u00f3n de estrategias fiscales con efectos internacionales. \u00c9nfasis en los US Taxes.<br>* Due Diligence financieros y fiscales que te acompa\u00f1an en la toma de decisiones de comprar, invertir o vender un negocio en USA o Latino-america.<br>* Planificaci\u00f3n de un negocio familiar con miras a expansi\u00f3n internacional.<br>* Outsourcing integral, analizando las variables fiscales y financieras del negocio para la toma de decisiones de la Directiva.<\/p>\n<\/div><\/div>\n","protected":false},"excerpt":{"rendered":"<p>VBC Internacional nace en 2003 con el objetivo de&#8230; Miguel Villarroel Fundador y Presidente del VBC Internacional. Vicepresidente de la Federaci\u00f3n Internacional de Sociedades Nacionales de la Cruz roja y de la Media Luna Roja. Abogado, egresado de la Universidad Cat\u00f3lica Andr\u00e9s Bello de Venezuela. Especialista en Derecho Penal de la Universidad de Pante\u00f3n-Assas de [&hellip;]<\/p>\n","protected":false},"author":2,"featured_media":0,"parent":0,"menu_order":0,"comment_status":"closed","ping_status":"closed","template":"","meta":{"footnotes":""},"class_list":["post-206","page","type-page","status-publish","hentry"],"yoast_head":"<!-- This site is optimized with the Yoast SEO plugin v19.3 - https:\/\/yoast.com\/wordpress\/plugins\/seo\/ -->\n<title>VBC Internacional - VBC - Venezuelan Business Club<\/title>\n<meta name=\"robots\" content=\"index, follow, max-snippet:-1, max-image-preview:large, max-video-preview:-1\" \/>\n<link rel=\"canonical\" href=\"https:\/\/venbc.org\/index.php\/vbc-internacional\/\" \/>\n<meta property=\"og:locale\" content=\"es_ES\" \/>\n<meta property=\"og:type\" content=\"article\" \/>\n<meta property=\"og:title\" content=\"VBC Internacional - VBC - Venezuelan Business Club\" \/>\n<meta property=\"og:description\" content=\"VBC Internacional nace en 2003 con el objetivo de&#8230; Miguel Villarroel Fundador y Presidente del VBC Internacional. Vicepresidente de la Federaci\u00f3n Internacional de Sociedades Nacionales de la Cruz roja y de la Media Luna Roja. Abogado, egresado de la Universidad Cat\u00f3lica Andr\u00e9s Bello de Venezuela. Especialista en Derecho Penal de la Universidad de Pante\u00f3n-Assas de [&hellip;]\" \/>\n<meta property=\"og:url\" content=\"https:\/\/venbc.org\/index.php\/vbc-internacional\/\" \/>\n<meta property=\"og:site_name\" content=\"VBC - Venezuelan Business Club\" \/>\n<meta property=\"og:image\" content=\"https:\/\/vbcglobal.files.wordpress.com\/2020\/05\/vbcint-1.jpg?w=1024\" \/>\n<meta name=\"twitter:card\" content=\"summary_large_image\" \/>\n<meta name=\"twitter:label1\" content=\"Tiempo de lectura\" \/>\n\t<meta name=\"twitter:data1\" content=\"2 minutos\" \/>\n<script type=\"application\/ld+json\" class=\"yoast-schema-graph\">{\"@context\":\"https:\/\/schema.org\",\"@graph\":[{\"@type\":\"Organization\",\"@id\":\"https:\/\/venbc.org\/#organization\",\"name\":\"VBC - Venezuelan Business Club\",\"url\":\"https:\/\/venbc.org\/\",\"sameAs\":[],\"logo\":{\"@type\":\"ImageObject\",\"inLanguage\":\"es\",\"@id\":\"https:\/\/venbc.org\/#\/schema\/logo\/image\/\",\"url\":\"https:\/\/venbc.org\/wp-content\/uploads\/2020\/04\/cropped-vbc-logo-azul-200px.png\",\"contentUrl\":\"https:\/\/venbc.org\/wp-content\/uploads\/2020\/04\/cropped-vbc-logo-azul-200px.png\",\"width\":200,\"height\":65,\"caption\":\"VBC - Venezuelan Business Club\"},\"image\":{\"@id\":\"https:\/\/venbc.org\/#\/schema\/logo\/image\/\"}},{\"@type\":\"WebSite\",\"@id\":\"https:\/\/venbc.org\/#website\",\"url\":\"https:\/\/venbc.org\/\",\"name\":\"VBC - Venezuelan Business Club\",\"description\":\"Red global de empresarios latinos\",\"publisher\":{\"@id\":\"https:\/\/venbc.org\/#organization\"},\"potentialAction\":[{\"@type\":\"SearchAction\",\"target\":{\"@type\":\"EntryPoint\",\"urlTemplate\":\"https:\/\/venbc.org\/?s={search_term_string}\"},\"query-input\":\"required name=search_term_string\"}],\"inLanguage\":\"es\"},{\"@type\":\"ImageObject\",\"inLanguage\":\"es\",\"@id\":\"https:\/\/venbc.org\/index.php\/vbc-internacional\/#primaryimage\",\"url\":\"https:\/\/venbc.org\/wp-content\/uploads\/2020\/05\/vbcint-1.jpg?w=1024\",\"contentUrl\":\"https:\/\/venbc.org\/wp-content\/uploads\/2020\/05\/vbcint-1.jpg?w=1024\"},{\"@type\":\"WebPage\",\"@id\":\"https:\/\/venbc.org\/index.php\/vbc-internacional\/\",\"url\":\"https:\/\/venbc.org\/index.php\/vbc-internacional\/\",\"name\":\"VBC Internacional - VBC - Venezuelan Business Club\",\"isPartOf\":{\"@id\":\"https:\/\/venbc.org\/#website\"},\"primaryImageOfPage\":{\"@id\":\"https:\/\/venbc.org\/index.php\/vbc-internacional\/#primaryimage\"},\"datePublished\":\"2020-05-01T18:02:07+00:00\",\"dateModified\":\"2020-05-01T18:02:07+00:00\",\"breadcrumb\":{\"@id\":\"https:\/\/venbc.org\/index.php\/vbc-internacional\/#breadcrumb\"},\"inLanguage\":\"es\",\"potentialAction\":[{\"@type\":\"ReadAction\",\"target\":[\"https:\/\/venbc.org\/index.php\/vbc-internacional\/\"]}]},{\"@type\":\"BreadcrumbList\",\"@id\":\"https:\/\/venbc.org\/index.php\/vbc-internacional\/#breadcrumb\",\"itemListElement\":[{\"@type\":\"ListItem\",\"position\":1,\"name\":\"Portada\",\"item\":\"https:\/\/venbc.org\/\"},{\"@type\":\"ListItem\",\"position\":2,\"name\":\"VBC Internacional\"}]}]}<\/script>\n<!-- \/ Yoast SEO plugin. -->","yoast_head_json":{"title":"VBC Internacional - VBC - Venezuelan Business Club","robots":{"index":"index","follow":"follow","max-snippet":"max-snippet:-1","max-image-preview":"max-image-preview:large","max-video-preview":"max-video-preview:-1"},"canonical":"https:\/\/venbc.org\/index.php\/vbc-internacional\/","og_locale":"es_ES","og_type":"article","og_title":"VBC Internacional - VBC - Venezuelan Business Club","og_description":"VBC Internacional nace en 2003 con el objetivo de&#8230; Miguel Villarroel Fundador y Presidente del VBC Internacional. Vicepresidente de la Federaci\u00f3n Internacional de Sociedades Nacionales de la Cruz roja y de la Media Luna Roja. Abogado, egresado de la Universidad Cat\u00f3lica Andr\u00e9s Bello de Venezuela. Especialista en Derecho Penal de la Universidad de Pante\u00f3n-Assas de [&hellip;]","og_url":"https:\/\/venbc.org\/index.php\/vbc-internacional\/","og_site_name":"VBC - Venezuelan Business Club","og_image":[{"url":"https:\/\/vbcglobal.files.wordpress.com\/2020\/05\/vbcint-1.jpg?w=1024"}],"twitter_card":"summary_large_image","twitter_misc":{"Tiempo de lectura":"2 minutos"},"schema":{"@context":"https:\/\/schema.org","@graph":[{"@type":"Organization","@id":"https:\/\/venbc.org\/#organization","name":"VBC - Venezuelan Business Club","url":"https:\/\/venbc.org\/","sameAs":[],"logo":{"@type":"ImageObject","inLanguage":"es","@id":"https:\/\/venbc.org\/#\/schema\/logo\/image\/","url":"https:\/\/venbc.org\/wp-content\/uploads\/2020\/04\/cropped-vbc-logo-azul-200px.png","contentUrl":"https:\/\/venbc.org\/wp-content\/uploads\/2020\/04\/cropped-vbc-logo-azul-200px.png","width":200,"height":65,"caption":"VBC - Venezuelan Business Club"},"image":{"@id":"https:\/\/venbc.org\/#\/schema\/logo\/image\/"}},{"@type":"WebSite","@id":"https:\/\/venbc.org\/#website","url":"https:\/\/venbc.org\/","name":"VBC - Venezuelan Business Club","description":"Red global de empresarios latinos","publisher":{"@id":"https:\/\/venbc.org\/#organization"},"potentialAction":[{"@type":"SearchAction","target":{"@type":"EntryPoint","urlTemplate":"https:\/\/venbc.org\/?s={search_term_string}"},"query-input":"required name=search_term_string"}],"inLanguage":"es"},{"@type":"ImageObject","inLanguage":"es","@id":"https:\/\/venbc.org\/index.php\/vbc-internacional\/#primaryimage","url":"https:\/\/venbc.org\/wp-content\/uploads\/2020\/05\/vbcint-1.jpg?w=1024","contentUrl":"https:\/\/venbc.org\/wp-content\/uploads\/2020\/05\/vbcint-1.jpg?w=1024"},{"@type":"WebPage","@id":"https:\/\/venbc.org\/index.php\/vbc-internacional\/","url":"https:\/\/venbc.org\/index.php\/vbc-internacional\/","name":"VBC Internacional - VBC - Venezuelan Business Club","isPartOf":{"@id":"https:\/\/venbc.org\/#website"},"primaryImageOfPage":{"@id":"https:\/\/venbc.org\/index.php\/vbc-internacional\/#primaryimage"},"datePublished":"2020-05-01T18:02:07+00:00","dateModified":"2020-05-01T18:02:07+00:00","breadcrumb":{"@id":"https:\/\/venbc.org\/index.php\/vbc-internacional\/#breadcrumb"},"inLanguage":"es","potentialAction":[{"@type":"ReadAction","target":["https:\/\/venbc.org\/index.php\/vbc-internacional\/"]}]},{"@type":"BreadcrumbList","@id":"https:\/\/venbc.org\/index.php\/vbc-internacional\/#breadcrumb","itemListElement":[{"@type":"ListItem","position":1,"name":"Portada","item":"https:\/\/venbc.org\/"},{"@type":"ListItem","position":2,"name":"VBC Internacional"}]}]}},"_links":{"self":[{"href":"https:\/\/venbc.org\/index.php\/wp-json\/wp\/v2\/pages\/206","targetHints":{"allow":["GET"]}}],"collection":[{"href":"https:\/\/venbc.org\/index.php\/wp-json\/wp\/v2\/pages"}],"about":[{"href":"https:\/\/venbc.org\/index.php\/wp-json\/wp\/v2\/types\/page"}],"author":[{"embeddable":true,"href":"https:\/\/venbc.org\/index.php\/wp-json\/wp\/v2\/users\/2"}],"replies":[{"embeddable":true,"href":"https:\/\/venbc.org\/index.php\/wp-json\/wp\/v2\/comments?post=206"}],"version-history":[{"count":0,"href":"https:\/\/venbc.org\/index.php\/wp-json\/wp\/v2\/pages\/206\/revisions"}],"wp:attachment":[{"href":"https:\/\/venbc.org\/index.php\/wp-json\/wp\/v2\/media?parent=206"}],"curies":[{"name":"wp","href":"https:\/\/api.w.org\/{rel}","templated":true}]}}